{"id":7565,"date":"2024-02-15T19:11:39","date_gmt":"2024-02-15T19:11:39","guid":{"rendered":"https:\/\/www.babyloniababycarriers.eu\/product\/bb-sling-zdobena-modra-sbirana\/"},"modified":"2024-02-15T19:11:39","modified_gmt":"2024-02-15T18:11:39","slug":"bb-sling-zdobena-modra-sbirana","status":"publish","type":"product","link":"https:\/\/www.babyloniababycarriers.eu\/cs\/product\/bb-sling-zdobena-modra-sbirana\/","title":{"rendered":"BB sling &#8211; Zdoben\u00e1 modr\u00e1 &#8211; sb\u00edran\u00e1"},"content":{"rendered":"<p>Bezuzlov\u00fd tkan\u00fd z\u00e1v\u011bs s krou\u017eky. Ide\u00e1ln\u00ed pro no\u0161en\u00ed na boc\u00edch nebo na b\u0159i\u0161e od narozen\u00ed do 15 kg. Nejlep\u0161\u00ed volba pro kojen\u00ed ve v\u0161ech situac\u00edch. Velmi snadn\u00e9 a rychl\u00e9 nasazen\u00ed.   <\/p>\n","protected":false},"excerpt":{"rendered":"<p>Bezuzlov\u00fd tkan\u00fd z\u00e1v\u011bs s krou\u017eky. Ide\u00e1ln\u00ed pro no\u0161en\u00ed na boc\u00edch nebo na b\u0159i\u0161e od narozen\u00ed do 15 kg. Nejlep\u0161\u00ed volba pro kojen\u00ed ve v\u0161ech situac\u00edch. Velmi snadn\u00e9 a rychl\u00e9 nasazen\u00ed.   <\/p>\n","protected":false},"featured_media":1114,"comment_status":"open","ping_status":"closed","template":"","meta":[],"product_brand":[],"product_cat":[130,121],"product_tag":[],"class_list":{"0":"post-7565","1":"product","2":"type-product","3":"status-publish","4":"has-post-thumbnail","6":"product_cat-krouzky","7":"product_cat-geweven-draagdoeken-cs","9":"first","10":"instock","11":"taxable","12":"shipping-taxable","13":"purchasable","14":"product-type-simple"},"jetpack_sharing_enabled":true,"_links":{"self":[{"href":"https:\/\/www.babyloniababycarriers.eu\/cs\/wp-json\/wp\/v2\/product\/7565","targetHints":{"allow":["GET"]}}],"collection":[{"href":"https:\/\/www.babyloniababycarriers.eu\/cs\/wp-json\/wp\/v2\/product"}],"about":[{"href":"https:\/\/www.babyloniababycarriers.eu\/cs\/wp-json\/wp\/v2\/types\/product"}],"replies":[{"embeddable":true,"href":"https:\/\/www.babyloniababycarriers.eu\/cs\/wp-json\/wp\/v2\/comments?post=7565"}],"version-history":[{"count":0,"href":"https:\/\/www.babyloniababycarriers.eu\/cs\/wp-json\/wp\/v2\/product\/7565\/revisions"}],"wp:featuredmedia":[{"embeddable":true,"href":"https:\/\/www.babyloniababycarriers.eu\/cs\/wp-json\/wp\/v2\/media\/1114"}],"wp:attachment":[{"href":"https:\/\/www.babyloniababycarriers.eu\/cs\/wp-json\/wp\/v2\/media?parent=7565"}],"wp:term":[{"taxonomy":"product_brand","embeddable":true,"href":"https:\/\/www.babyloniababycarriers.eu\/cs\/wp-json\/wp\/v2\/product_brand?post=7565"},{"taxonomy":"product_cat","embeddable":true,"href":"https:\/\/www.babyloniababycarriers.eu\/cs\/wp-json\/wp\/v2\/product_cat?post=7565"},{"taxonomy":"product_tag","embeddable":true,"href":"https:\/\/www.babyloniababycarriers.eu\/cs\/wp-json\/wp\/v2\/product_tag?post=7565"}],"curies":[{"name":"wp","href":"https:\/\/api.w.org\/{rel}","templated":true}]}}