{"id":7532,"date":"2024-02-15T19:11:38","date_gmt":"2024-02-15T19:11:38","guid":{"rendered":"https:\/\/www.babyloniababycarriers.eu\/product\/detska-houpaci-sit-dune-jedna-velikost\/"},"modified":"2024-02-15T19:11:38","modified_gmt":"2024-02-15T18:11:38","slug":"detska-houpaci-sit-dune-jedna-velikost","status":"publish","type":"product","link":"https:\/\/www.babyloniababycarriers.eu\/cs\/product\/detska-houpaci-sit-dune-jedna-velikost\/","title":{"rendered":"D\u011btsk\u00e1 houpac\u00ed s\u00ed\u0165 &#8211; Dune &#8211; jedna velikost"},"content":{"rendered":"<p>Houpac\u00ed s\u00ed\u0165 umo\u017e\u0148uje p\u0159irozen\u00e9 houp\u00e1n\u00ed d\u00edt\u011bte a vytv\u00e1\u0159\u00ed bezpe\u010dn\u00e9 m\u00edsto pro novorozence! D\u00edt\u011b le\u017e\u00ed v p\u0159irozen\u00e9 fet\u00e1ln\u00ed poloze a houpac\u00ed s\u00ed\u0165 podp\u00edr\u00e1 z\u00e1da v\u0161ude stejn\u011b, zat\u00edmco va\u0161e d\u00edt\u011b si zachov\u00e1v\u00e1 volnost pohybu. Pevn\u00e1 poutka usnad\u0148uj\u00ed zav\u011b\u0161en\u00ed houpac\u00ed s\u00edt\u011b do ohr\u00e1dky\/d\u011btsk\u00e9ho parku. Vhodn\u00e9 zejm\u00e9na pro d\u011bti od 0 do 4 m\u011bs\u00edc\u016f. Plocha na le\u017een\u00ed: 90 cm x 80 cm. <\/p>\n","protected":false},"excerpt":{"rendered":"<p>Houpac\u00ed s\u00ed\u0165 umo\u017e\u0148uje p\u0159irozen\u00e9 houp\u00e1n\u00ed d\u00edt\u011bte a vytv\u00e1\u0159\u00ed bezpe\u010dn\u00e9 m\u00edsto pro novorozence! D\u00edt\u011b le\u017e\u00ed v p\u0159irozen\u00e9 fet\u00e1ln\u00ed poloze a houpac\u00ed s\u00ed\u0165 podp\u00edr\u00e1 z\u00e1da v\u0161ude stejn\u011b, zat\u00edmco va\u0161e d\u00edt\u011b si zachov\u00e1v\u00e1 volnost pohybu. Pevn\u00e1 poutka usnad\u0148uj\u00ed zav\u011b\u0161en\u00ed houpac\u00ed s\u00edt\u011b do ohr\u00e1dky\/d\u011btsk\u00e9ho parku. Vhodn\u00e9 zejm\u00e9na pro d\u011bti od 0 do 4 m\u011bs\u00edc\u016f. Plocha na le\u017een\u00ed: 90 cm x 80 cm. <\/p>\n","protected":false},"featured_media":1210,"comment_status":"open","ping_status":"closed","template":"","meta":[],"product_brand":[],"product_cat":[145],"product_tag":[],"class_list":{"0":"post-7532","1":"product","2":"type-product","3":"status-publish","4":"has-post-thumbnail","6":"product_cat-detske-houpaci-site","8":"first","9":"instock","10":"taxable","11":"shipping-taxable","12":"purchasable","13":"product-type-simple"},"jetpack_sharing_enabled":true,"_links":{"self":[{"href":"https:\/\/www.babyloniababycarriers.eu\/cs\/wp-json\/wp\/v2\/product\/7532","targetHints":{"allow":["GET"]}}],"collection":[{"href":"https:\/\/www.babyloniababycarriers.eu\/cs\/wp-json\/wp\/v2\/product"}],"about":[{"href":"https:\/\/www.babyloniababycarriers.eu\/cs\/wp-json\/wp\/v2\/types\/product"}],"replies":[{"embeddable":true,"href":"https:\/\/www.babyloniababycarriers.eu\/cs\/wp-json\/wp\/v2\/comments?post=7532"}],"version-history":[{"count":0,"href":"https:\/\/www.babyloniababycarriers.eu\/cs\/wp-json\/wp\/v2\/product\/7532\/revisions"}],"wp:featuredmedia":[{"embeddable":true,"href":"https:\/\/www.babyloniababycarriers.eu\/cs\/wp-json\/wp\/v2\/media\/1210"}],"wp:attachment":[{"href":"https:\/\/www.babyloniababycarriers.eu\/cs\/wp-json\/wp\/v2\/media?parent=7532"}],"wp:term":[{"taxonomy":"product_brand","embeddable":true,"href":"https:\/\/www.babyloniababycarriers.eu\/cs\/wp-json\/wp\/v2\/product_brand?post=7532"},{"taxonomy":"product_cat","embeddable":true,"href":"https:\/\/www.babyloniababycarriers.eu\/cs\/wp-json\/wp\/v2\/product_cat?post=7532"},{"taxonomy":"product_tag","embeddable":true,"href":"https:\/\/www.babyloniababycarriers.eu\/cs\/wp-json\/wp\/v2\/product_tag?post=7532"}],"curies":[{"name":"wp","href":"https:\/\/api.w.org\/{rel}","templated":true}]}}