{"id":7400,"date":"2024-02-15T19:11:42","date_gmt":"2024-02-15T19:11:42","guid":{"rendered":"https:\/\/www.babyloniababycarriers.eu\/product\/bb-sling-soft-grey-padded\/"},"modified":"2024-11-19T10:34:39","modified_gmt":"2024-11-19T09:34:39","slug":"bb-sling-soft-grey-padded","status":"publish","type":"product","link":"https:\/\/www.babyloniababycarriers.eu\/cs\/product\/bb-sling-soft-grey-padded\/","title":{"rendered":"BB sling &#8211; M\u011bkk\u00fd \u0161ed\u00fd &#8211; polstrovan\u00fd"},"content":{"rendered":"<p>Bezuzlov\u00fd tkan\u00fd z\u00e1v\u011bs s krou\u017eky. Ide\u00e1ln\u00ed pro no\u0161en\u00ed na boc\u00edch nebo na b\u0159i\u0161e od narozen\u00ed do 15 kg. Nejlep\u0161\u00ed volba pro kojen\u00ed ve v\u0161ech situac\u00edch. Velmi snadn\u00e9 a rychl\u00e9 nasazen\u00ed.   <\/p>\n","protected":false},"excerpt":{"rendered":"<p>Bezuzlov\u00fd tkan\u00fd z\u00e1v\u011bs s krou\u017eky. Ide\u00e1ln\u00ed pro no\u0161en\u00ed na boc\u00edch nebo na b\u0159i\u0161e od narozen\u00ed do 15 kg. Nejlep\u0161\u00ed volba pro kojen\u00ed ve v\u0161ech situac\u00edch. Velmi snadn\u00e9 a rychl\u00e9 nasazen\u00ed.   <\/p>\n","protected":false},"featured_media":3933,"comment_status":"open","ping_status":"closed","template":"","meta":[],"product_brand":[],"product_cat":[130,121],"product_tag":[],"class_list":{"0":"post-7400","1":"product","2":"type-product","3":"status-publish","4":"has-post-thumbnail","6":"product_cat-krouzky","7":"product_cat-geweven-draagdoeken-cs","9":"first","10":"instock","11":"taxable","12":"shipping-taxable","13":"purchasable","14":"product-type-simple"},"jetpack_sharing_enabled":true,"_links":{"self":[{"href":"https:\/\/www.babyloniababycarriers.eu\/cs\/wp-json\/wp\/v2\/product\/7400","targetHints":{"allow":["GET"]}}],"collection":[{"href":"https:\/\/www.babyloniababycarriers.eu\/cs\/wp-json\/wp\/v2\/product"}],"about":[{"href":"https:\/\/www.babyloniababycarriers.eu\/cs\/wp-json\/wp\/v2\/types\/product"}],"replies":[{"embeddable":true,"href":"https:\/\/www.babyloniababycarriers.eu\/cs\/wp-json\/wp\/v2\/comments?post=7400"}],"version-history":[{"count":1,"href":"https:\/\/www.babyloniababycarriers.eu\/cs\/wp-json\/wp\/v2\/product\/7400\/revisions"}],"predecessor-version":[{"id":9066,"href":"https:\/\/www.babyloniababycarriers.eu\/cs\/wp-json\/wp\/v2\/product\/7400\/revisions\/9066"}],"wp:featuredmedia":[{"embeddable":true,"href":"https:\/\/www.babyloniababycarriers.eu\/cs\/wp-json\/wp\/v2\/media\/3933"}],"wp:attachment":[{"href":"https:\/\/www.babyloniababycarriers.eu\/cs\/wp-json\/wp\/v2\/media?parent=7400"}],"wp:term":[{"taxonomy":"product_brand","embeddable":true,"href":"https:\/\/www.babyloniababycarriers.eu\/cs\/wp-json\/wp\/v2\/product_brand?post=7400"},{"taxonomy":"product_cat","embeddable":true,"href":"https:\/\/www.babyloniababycarriers.eu\/cs\/wp-json\/wp\/v2\/product_cat?post=7400"},{"taxonomy":"product_tag","embeddable":true,"href":"https:\/\/www.babyloniababycarriers.eu\/cs\/wp-json\/wp\/v2\/product_tag?post=7400"}],"curies":[{"name":"wp","href":"https:\/\/api.w.org\/{rel}","templated":true}]}}