{"id":7346,"date":"2024-02-15T19:11:44","date_gmt":"2024-02-15T19:11:44","guid":{"rendered":"https:\/\/www.babyloniababycarriers.eu\/product\/bb-tai-soft-jungle-sizer\/"},"modified":"2024-11-19T10:35:02","modified_gmt":"2024-11-19T09:35:02","slug":"bb-tai-soft-jungle-sizer","status":"publish","type":"product","link":"https:\/\/www.babyloniababycarriers.eu\/cs\/product\/bb-tai-soft-jungle-sizer\/","title":{"rendered":"BB-tai &#8211; M\u011bkk\u00e1 d\u017eungle &#8211; sizer"},"content":{"rendered":"<p>Jednoduchost d\u011btsk\u00e9ho nos\u00edtka v kombinaci s nosnost\u00ed tkan\u00e9 l\u00e1tky. Lze pou\u017e\u00edvat od narozen\u00ed do 20 kg na b\u0159i\u0161e nebo na z\u00e1dech. Umo\u017e\u0148uje pohodln\u00e9 no\u0161en\u00ed v\u011bt\u0161\u00edch a star\u0161\u00edch d\u011bt\u00ed.  <\/p>\n","protected":false},"excerpt":{"rendered":"<p>Jednoduchost d\u011btsk\u00e9ho nos\u00edtka v kombinaci s nosnost\u00ed tkan\u00e9 l\u00e1tky. Lze pou\u017e\u00edvat od narozen\u00ed do 20 kg na b\u0159i\u0161e nebo na z\u00e1dech. Umo\u017e\u0148uje pohodln\u00e9 no\u0161en\u00ed v\u011bt\u0161\u00edch a star\u0161\u00edch d\u011bt\u00ed.  <\/p>\n","protected":false},"featured_media":4015,"comment_status":"open","ping_status":"closed","template":"","meta":[],"product_brand":[],"product_cat":[121],"product_tag":[],"class_list":{"0":"post-7346","1":"product","2":"type-product","3":"status-publish","4":"has-post-thumbnail","6":"product_cat-geweven-draagdoeken-cs","8":"first","9":"instock","10":"taxable","11":"shipping-taxable","12":"purchasable","13":"product-type-simple"},"jetpack_sharing_enabled":true,"_links":{"self":[{"href":"https:\/\/www.babyloniababycarriers.eu\/cs\/wp-json\/wp\/v2\/product\/7346","targetHints":{"allow":["GET"]}}],"collection":[{"href":"https:\/\/www.babyloniababycarriers.eu\/cs\/wp-json\/wp\/v2\/product"}],"about":[{"href":"https:\/\/www.babyloniababycarriers.eu\/cs\/wp-json\/wp\/v2\/types\/product"}],"replies":[{"embeddable":true,"href":"https:\/\/www.babyloniababycarriers.eu\/cs\/wp-json\/wp\/v2\/comments?post=7346"}],"version-history":[{"count":1,"href":"https:\/\/www.babyloniababycarriers.eu\/cs\/wp-json\/wp\/v2\/product\/7346\/revisions"}],"predecessor-version":[{"id":9108,"href":"https:\/\/www.babyloniababycarriers.eu\/cs\/wp-json\/wp\/v2\/product\/7346\/revisions\/9108"}],"wp:featuredmedia":[{"embeddable":true,"href":"https:\/\/www.babyloniababycarriers.eu\/cs\/wp-json\/wp\/v2\/media\/4015"}],"wp:attachment":[{"href":"https:\/\/www.babyloniababycarriers.eu\/cs\/wp-json\/wp\/v2\/media?parent=7346"}],"wp:term":[{"taxonomy":"product_brand","embeddable":true,"href":"https:\/\/www.babyloniababycarriers.eu\/cs\/wp-json\/wp\/v2\/product_brand?post=7346"},{"taxonomy":"product_cat","embeddable":true,"href":"https:\/\/www.babyloniababycarriers.eu\/cs\/wp-json\/wp\/v2\/product_cat?post=7346"},{"taxonomy":"product_tag","embeddable":true,"href":"https:\/\/www.babyloniababycarriers.eu\/cs\/wp-json\/wp\/v2\/product_tag?post=7346"}],"curies":[{"name":"wp","href":"https:\/\/api.w.org\/{rel}","templated":true}]}}