{"id":7337,"date":"2024-02-15T19:11:45","date_gmt":"2024-02-15T19:11:45","guid":{"rendered":"https:\/\/www.babyloniababycarriers.eu\/product\/bb-tai-black-beans-sizer\/"},"modified":"2024-11-19T10:35:16","modified_gmt":"2024-11-19T09:35:16","slug":"bb-tai-black-beans-sizer","status":"publish","type":"product","link":"https:\/\/www.babyloniababycarriers.eu\/cs\/product\/bb-tai-black-beans-sizer\/","title":{"rendered":"BB-tai &#8211; \u010cern\u00e9 fazole &#8211; sizer"},"content":{"rendered":"<p>Jednoduchost d\u011btsk\u00e9ho nos\u00edtka v kombinaci s nosnost\u00ed tkan\u00e9 l\u00e1tky. Lze pou\u017e\u00edvat od narozen\u00ed do 20 kg na b\u0159i\u0161e nebo na z\u00e1dech. Umo\u017e\u0148uje pohodln\u00e9 no\u0161en\u00ed v\u011bt\u0161\u00edch a star\u0161\u00edch d\u011bt\u00ed.  <\/p>\n","protected":false},"excerpt":{"rendered":"<p>Jednoduchost d\u011btsk\u00e9ho nos\u00edtka v kombinaci s nosnost\u00ed tkan\u00e9 l\u00e1tky. Lze pou\u017e\u00edvat od narozen\u00ed do 20 kg na b\u0159i\u0161e nebo na z\u00e1dech. Umo\u017e\u0148uje pohodln\u00e9 no\u0161en\u00ed v\u011bt\u0161\u00edch a star\u0161\u00edch d\u011bt\u00ed.  <\/p>\n","protected":false},"featured_media":4096,"comment_status":"open","ping_status":"closed","template":"","meta":[],"product_brand":[],"product_cat":[121],"product_tag":[],"class_list":{"0":"post-7337","1":"product","2":"type-product","3":"status-publish","4":"has-post-thumbnail","6":"product_cat-geweven-draagdoeken-cs","8":"first","9":"instock","10":"taxable","11":"shipping-taxable","12":"purchasable","13":"product-type-simple"},"jetpack_sharing_enabled":true,"_links":{"self":[{"href":"https:\/\/www.babyloniababycarriers.eu\/cs\/wp-json\/wp\/v2\/product\/7337","targetHints":{"allow":["GET"]}}],"collection":[{"href":"https:\/\/www.babyloniababycarriers.eu\/cs\/wp-json\/wp\/v2\/product"}],"about":[{"href":"https:\/\/www.babyloniababycarriers.eu\/cs\/wp-json\/wp\/v2\/types\/product"}],"replies":[{"embeddable":true,"href":"https:\/\/www.babyloniababycarriers.eu\/cs\/wp-json\/wp\/v2\/comments?post=7337"}],"version-history":[{"count":1,"href":"https:\/\/www.babyloniababycarriers.eu\/cs\/wp-json\/wp\/v2\/product\/7337\/revisions"}],"predecessor-version":[{"id":9131,"href":"https:\/\/www.babyloniababycarriers.eu\/cs\/wp-json\/wp\/v2\/product\/7337\/revisions\/9131"}],"wp:featuredmedia":[{"embeddable":true,"href":"https:\/\/www.babyloniababycarriers.eu\/cs\/wp-json\/wp\/v2\/media\/4096"}],"wp:attachment":[{"href":"https:\/\/www.babyloniababycarriers.eu\/cs\/wp-json\/wp\/v2\/media?parent=7337"}],"wp:term":[{"taxonomy":"product_brand","embeddable":true,"href":"https:\/\/www.babyloniababycarriers.eu\/cs\/wp-json\/wp\/v2\/product_brand?post=7337"},{"taxonomy":"product_cat","embeddable":true,"href":"https:\/\/www.babyloniababycarriers.eu\/cs\/wp-json\/wp\/v2\/product_cat?post=7337"},{"taxonomy":"product_tag","embeddable":true,"href":"https:\/\/www.babyloniababycarriers.eu\/cs\/wp-json\/wp\/v2\/product_tag?post=7337"}],"curies":[{"name":"wp","href":"https:\/\/api.w.org\/{rel}","templated":true}]}}