{"id":7310,"date":"2024-02-15T19:11:46","date_gmt":"2024-02-15T19:11:46","guid":{"rendered":"https:\/\/www.babyloniababycarriers.eu\/product\/tri-cotti-ecru-l\/"},"modified":"2024-11-19T10:35:23","modified_gmt":"2024-11-19T09:35:23","slug":"tri-cotti-ecru-l","status":"publish","type":"product","link":"https:\/\/www.babyloniababycarriers.eu\/cs\/product\/tri-cotti-ecru-l\/","title":{"rendered":"Tri-Cotti &#8211; ECRU &#8211; L"},"content":{"rendered":"<p>Velmi lehk\u00e9, prody\u0161n\u00e9 a elastick\u00e9, odv\u00e1d\u011bj\u00edc\u00ed vlhkost, vyroben\u00e9 ze 100% vl\u00e1ken Newlife\u2122, jedine\u010dn\u00e9ho a certifikovan\u00e9ho vl\u00e1kna. T\u00e9m\u011b\u0159 nic nev\u00e1\u017e\u00ed, m\u00e1 stejnou nosnost jako tkanina, ale pru\u017enost stre\u010de! <\/p>\n","protected":false},"excerpt":{"rendered":"<p>Velmi lehk\u00e9, prody\u0161n\u00e9 a elastick\u00e9, odv\u00e1d\u011bj\u00edc\u00ed vlhkost, vyroben\u00e9 ze 100% vl\u00e1ken Newlife\u2122, jedine\u010dn\u00e9ho a certifikovan\u00e9ho vl\u00e1kna. T\u00e9m\u011b\u0159 nic nev\u00e1\u017e\u00ed, m\u00e1 stejnou nosnost jako tkanina, ale pru\u017enost stre\u010de! <\/p>\n","protected":false},"featured_media":0,"comment_status":"open","ping_status":"closed","template":"","meta":[],"product_brand":[],"product_cat":[112],"product_tag":[],"class_list":{"0":"post-7310","1":"product","2":"type-product","3":"status-publish","5":"product_cat-sale-cs","7":"first","8":"instock","9":"sale","10":"taxable","11":"shipping-taxable","12":"purchasable","13":"product-type-simple"},"jetpack_sharing_enabled":true,"_links":{"self":[{"href":"https:\/\/www.babyloniababycarriers.eu\/cs\/wp-json\/wp\/v2\/product\/7310","targetHints":{"allow":["GET"]}}],"collection":[{"href":"https:\/\/www.babyloniababycarriers.eu\/cs\/wp-json\/wp\/v2\/product"}],"about":[{"href":"https:\/\/www.babyloniababycarriers.eu\/cs\/wp-json\/wp\/v2\/types\/product"}],"replies":[{"embeddable":true,"href":"https:\/\/www.babyloniababycarriers.eu\/cs\/wp-json\/wp\/v2\/comments?post=7310"}],"version-history":[{"count":1,"href":"https:\/\/www.babyloniababycarriers.eu\/cs\/wp-json\/wp\/v2\/product\/7310\/revisions"}],"predecessor-version":[{"id":9149,"href":"https:\/\/www.babyloniababycarriers.eu\/cs\/wp-json\/wp\/v2\/product\/7310\/revisions\/9149"}],"wp:attachment":[{"href":"https:\/\/www.babyloniababycarriers.eu\/cs\/wp-json\/wp\/v2\/media?parent=7310"}],"wp:term":[{"taxonomy":"product_brand","embeddable":true,"href":"https:\/\/www.babyloniababycarriers.eu\/cs\/wp-json\/wp\/v2\/product_brand?post=7310"},{"taxonomy":"product_cat","embeddable":true,"href":"https:\/\/www.babyloniababycarriers.eu\/cs\/wp-json\/wp\/v2\/product_cat?post=7310"},{"taxonomy":"product_tag","embeddable":true,"href":"https:\/\/www.babyloniababycarriers.eu\/cs\/wp-json\/wp\/v2\/product_tag?post=7310"}],"curies":[{"name":"wp","href":"https:\/\/api.w.org\/{rel}","templated":true}]}}