{"id":7283,"date":"2024-02-15T19:11:47","date_gmt":"2024-02-15T19:11:47","guid":{"rendered":"https:\/\/www.babyloniababycarriers.eu\/product\/tri-cotti-silver-cloud-m\/"},"modified":"2024-11-19T10:35:38","modified_gmt":"2024-11-19T09:35:38","slug":"tri-cotti-silver-cloud-m","status":"publish","type":"product","link":"https:\/\/www.babyloniababycarriers.eu\/cs\/product\/tri-cotti-silver-cloud-m\/","title":{"rendered":"Tri-Cotti &#8211; St\u0159\u00edbrn\u00fd oblak &#8211; M"},"content":{"rendered":"<p>Velmi lehk\u00e9, prody\u0161n\u00e9 a elastick\u00e9, odv\u00e1d\u011bj\u00edc\u00ed vlhkost, vyroben\u00e9 ze 100% vl\u00e1ken Newlife\u2122, jedine\u010dn\u00e9ho a certifikovan\u00e9ho vl\u00e1kna. T\u00e9m\u011b\u0159 nic nev\u00e1\u017e\u00ed, m\u00e1 stejnou nosnost jako tkanina, ale pru\u017enost stre\u010de! <\/p>\n","protected":false},"excerpt":{"rendered":"<p>Velmi lehk\u00e9, prody\u0161n\u00e9 a elastick\u00e9, odv\u00e1d\u011bj\u00edc\u00ed vlhkost, vyroben\u00e9 ze 100% vl\u00e1ken Newlife\u2122, jedine\u010dn\u00e9ho a certifikovan\u00e9ho vl\u00e1kna. T\u00e9m\u011b\u0159 nic nev\u00e1\u017e\u00ed, m\u00e1 stejnou nosnost jako tkanina, ale pru\u017enost stre\u010de! <\/p>\n","protected":false},"featured_media":4213,"comment_status":"open","ping_status":"closed","template":"","meta":[],"product_brand":[],"product_cat":[112],"product_tag":[],"class_list":{"0":"post-7283","1":"product","2":"type-product","3":"status-publish","4":"has-post-thumbnail","6":"product_cat-sale-cs","8":"first","9":"outofstock","10":"sale","11":"taxable","12":"shipping-taxable","13":"purchasable","14":"product-type-simple"},"jetpack_sharing_enabled":true,"_links":{"self":[{"href":"https:\/\/www.babyloniababycarriers.eu\/cs\/wp-json\/wp\/v2\/product\/7283","targetHints":{"allow":["GET"]}}],"collection":[{"href":"https:\/\/www.babyloniababycarriers.eu\/cs\/wp-json\/wp\/v2\/product"}],"about":[{"href":"https:\/\/www.babyloniababycarriers.eu\/cs\/wp-json\/wp\/v2\/types\/product"}],"replies":[{"embeddable":true,"href":"https:\/\/www.babyloniababycarriers.eu\/cs\/wp-json\/wp\/v2\/comments?post=7283"}],"version-history":[{"count":1,"href":"https:\/\/www.babyloniababycarriers.eu\/cs\/wp-json\/wp\/v2\/product\/7283\/revisions"}],"predecessor-version":[{"id":9172,"href":"https:\/\/www.babyloniababycarriers.eu\/cs\/wp-json\/wp\/v2\/product\/7283\/revisions\/9172"}],"wp:featuredmedia":[{"embeddable":true,"href":"https:\/\/www.babyloniababycarriers.eu\/cs\/wp-json\/wp\/v2\/media\/4213"}],"wp:attachment":[{"href":"https:\/\/www.babyloniababycarriers.eu\/cs\/wp-json\/wp\/v2\/media?parent=7283"}],"wp:term":[{"taxonomy":"product_brand","embeddable":true,"href":"https:\/\/www.babyloniababycarriers.eu\/cs\/wp-json\/wp\/v2\/product_brand?post=7283"},{"taxonomy":"product_cat","embeddable":true,"href":"https:\/\/www.babyloniababycarriers.eu\/cs\/wp-json\/wp\/v2\/product_cat?post=7283"},{"taxonomy":"product_tag","embeddable":true,"href":"https:\/\/www.babyloniababycarriers.eu\/cs\/wp-json\/wp\/v2\/product_tag?post=7283"}],"curies":[{"name":"wp","href":"https:\/\/api.w.org\/{rel}","templated":true}]}}