{"id":7157,"date":"2024-02-15T19:11:54","date_gmt":"2024-02-15T19:11:54","guid":{"rendered":"https:\/\/www.babyloniababycarriers.eu\/product\/tricot-slen-organic-silver-blue-one-size\/"},"modified":"2024-11-19T10:34:16","modified_gmt":"2024-11-19T09:34:16","slug":"tricot-slen-organic-silver-blue-one-size","status":"publish","type":"product","link":"https:\/\/www.babyloniababycarriers.eu\/cs\/product\/tricot-slen-organic-silver-blue-one-size\/","title":{"rendered":"Tricot-Slen Organic &#8211; St\u0159\u00edbrn\u00e1 modr\u00e1 &#8211; Jedna velikost"},"content":{"rendered":"<p>N\u00e1\u0161 prvn\u00ed z\u00e1v\u011bs, 25 let slu\u017eby a st\u00e1le nejlep\u0161\u00ed elastick\u00fd z\u00e1v\u011bs!<\/p>\n<p> Unik\u00e1tn\u00ed zp\u016fsob pleten\u00ed, kter\u00fd dod\u00e1v\u00e1 \u0161\u00e1tku pr\u00e1v\u011b takovou pru\u017enost, aby se snadno obl\u00e9kal, a z\u00e1rove\u0148 poskytuje vynikaj\u00edc\u00ed oporu a zabra\u0148uje poskakov\u00e1n\u00ed (sk\u00e1k\u00e1n\u00ed). <\/p>\n","protected":false},"excerpt":{"rendered":"<p>N\u00e1\u0161 prvn\u00ed z\u00e1v\u011bs, 25 let slu\u017eby a st\u00e1le nejlep\u0161\u00ed elastick\u00fd z\u00e1v\u011bs!<\/p>\n<p> Unik\u00e1tn\u00ed zp\u016fsob pleten\u00ed, kter\u00fd dod\u00e1v\u00e1 \u0161\u00e1tku pr\u00e1v\u011b takovou pru\u017enost, aby se snadno obl\u00e9kal, a z\u00e1rove\u0148 poskytuje vynikaj\u00edc\u00ed oporu a zabra\u0148uje poskakov\u00e1n\u00ed (sk\u00e1k\u00e1n\u00ed). <\/p>\n","protected":false},"featured_media":4375,"comment_status":"open","ping_status":"closed","template":"","meta":[],"product_brand":[],"product_cat":[94],"product_tag":[],"class_list":{"0":"post-7157","1":"product","2":"type-product","3":"status-publish","4":"has-post-thumbnail","6":"product_cat-natahovaci-popruhy","8":"first","9":"outofstock","10":"taxable","11":"shipping-taxable","12":"purchasable","13":"product-type-simple"},"jetpack_sharing_enabled":true,"_links":{"self":[{"href":"https:\/\/www.babyloniababycarriers.eu\/cs\/wp-json\/wp\/v2\/product\/7157","targetHints":{"allow":["GET"]}}],"collection":[{"href":"https:\/\/www.babyloniababycarriers.eu\/cs\/wp-json\/wp\/v2\/product"}],"about":[{"href":"https:\/\/www.babyloniababycarriers.eu\/cs\/wp-json\/wp\/v2\/types\/product"}],"replies":[{"embeddable":true,"href":"https:\/\/www.babyloniababycarriers.eu\/cs\/wp-json\/wp\/v2\/comments?post=7157"}],"version-history":[{"count":1,"href":"https:\/\/www.babyloniababycarriers.eu\/cs\/wp-json\/wp\/v2\/product\/7157\/revisions"}],"predecessor-version":[{"id":9022,"href":"https:\/\/www.babyloniababycarriers.eu\/cs\/wp-json\/wp\/v2\/product\/7157\/revisions\/9022"}],"wp:featuredmedia":[{"embeddable":true,"href":"https:\/\/www.babyloniababycarriers.eu\/cs\/wp-json\/wp\/v2\/media\/4375"}],"wp:attachment":[{"href":"https:\/\/www.babyloniababycarriers.eu\/cs\/wp-json\/wp\/v2\/media?parent=7157"}],"wp:term":[{"taxonomy":"product_brand","embeddable":true,"href":"https:\/\/www.babyloniababycarriers.eu\/cs\/wp-json\/wp\/v2\/product_brand?post=7157"},{"taxonomy":"product_cat","embeddable":true,"href":"https:\/\/www.babyloniababycarriers.eu\/cs\/wp-json\/wp\/v2\/product_cat?post=7157"},{"taxonomy":"product_tag","embeddable":true,"href":"https:\/\/www.babyloniababycarriers.eu\/cs\/wp-json\/wp\/v2\/product_tag?post=7157"}],"curies":[{"name":"wp","href":"https:\/\/api.w.org\/{rel}","templated":true}]}}