{"id":7148,"date":"2024-02-15T19:11:55","date_gmt":"2024-02-15T19:11:55","guid":{"rendered":"https:\/\/www.babyloniababycarriers.eu\/product\/tricot-slen-bamboo-warm-sand-one-size\/"},"modified":"2024-11-19T10:32:53","modified_gmt":"2024-11-19T09:32:53","slug":"tricot-slen-bamboo-warm-sand-one-size","status":"publish","type":"product","link":"https:\/\/www.babyloniababycarriers.eu\/cs\/product\/tricot-slen-bamboo-warm-sand-one-size\/","title":{"rendered":"Bambusov\u00fd trikot &#8211; Warm Sand &#8211; Jedna velikost"},"content":{"rendered":"<p>Bambus dod\u00e1v\u00e1 z\u00e1v\u011bsu Tricot-Slen jedine\u010dn\u00e9 vlastnosti: je extra m\u011bkk\u00fd, prody\u0161n\u00fd, hypoalergenn\u00ed, antibakteri\u00e1ln\u00ed a m\u00e1 p\u0159\u00edrodn\u00ed UV filtr, tak\u017ee je pln\u00fd p\u0159\u00edrodn\u00edch v\u00fdhod.<\/p>\n","protected":false},"excerpt":{"rendered":"<p>Bambus dod\u00e1v\u00e1 z\u00e1v\u011bsu Tricot-Slen jedine\u010dn\u00e9 vlastnosti: je extra m\u011bkk\u00fd, prody\u0161n\u00fd, hypoalergenn\u00ed, antibakteri\u00e1ln\u00ed a m\u00e1 p\u0159\u00edrodn\u00ed UV filtr, tak\u017ee je pln\u00fd p\u0159\u00edrodn\u00edch v\u00fdhod.<\/p>\n","protected":false},"featured_media":4420,"comment_status":"open","ping_status":"closed","template":"","meta":[],"product_brand":[],"product_cat":[94],"product_tag":[],"class_list":{"0":"post-7148","1":"product","2":"type-product","3":"status-publish","4":"has-post-thumbnail","6":"product_cat-natahovaci-popruhy","8":"first","9":"instock","10":"taxable","11":"shipping-taxable","12":"purchasable","13":"product-type-simple"},"jetpack_sharing_enabled":true,"_links":{"self":[{"href":"https:\/\/www.babyloniababycarriers.eu\/cs\/wp-json\/wp\/v2\/product\/7148","targetHints":{"allow":["GET"]}}],"collection":[{"href":"https:\/\/www.babyloniababycarriers.eu\/cs\/wp-json\/wp\/v2\/product"}],"about":[{"href":"https:\/\/www.babyloniababycarriers.eu\/cs\/wp-json\/wp\/v2\/types\/product"}],"replies":[{"embeddable":true,"href":"https:\/\/www.babyloniababycarriers.eu\/cs\/wp-json\/wp\/v2\/comments?post=7148"}],"version-history":[{"count":1,"href":"https:\/\/www.babyloniababycarriers.eu\/cs\/wp-json\/wp\/v2\/product\/7148\/revisions"}],"predecessor-version":[{"id":8946,"href":"https:\/\/www.babyloniababycarriers.eu\/cs\/wp-json\/wp\/v2\/product\/7148\/revisions\/8946"}],"wp:featuredmedia":[{"embeddable":true,"href":"https:\/\/www.babyloniababycarriers.eu\/cs\/wp-json\/wp\/v2\/media\/4420"}],"wp:attachment":[{"href":"https:\/\/www.babyloniababycarriers.eu\/cs\/wp-json\/wp\/v2\/media?parent=7148"}],"wp:term":[{"taxonomy":"product_brand","embeddable":true,"href":"https:\/\/www.babyloniababycarriers.eu\/cs\/wp-json\/wp\/v2\/product_brand?post=7148"},{"taxonomy":"product_cat","embeddable":true,"href":"https:\/\/www.babyloniababycarriers.eu\/cs\/wp-json\/wp\/v2\/product_cat?post=7148"},{"taxonomy":"product_tag","embeddable":true,"href":"https:\/\/www.babyloniababycarriers.eu\/cs\/wp-json\/wp\/v2\/product_tag?post=7148"}],"curies":[{"name":"wp","href":"https:\/\/api.w.org\/{rel}","templated":true}]}}