{"id":7049,"date":"2024-02-15T19:11:58","date_gmt":"2024-02-15T19:11:58","guid":{"rendered":"https:\/\/www.babyloniababycarriers.eu\/product\/tricot-slen-cool-navy-blue-one-size\/"},"modified":"2024-11-19T10:28:06","modified_gmt":"2024-11-19T09:28:06","slug":"tricot-slen-cool-navy-blue-one-size","status":"publish","type":"product","link":"https:\/\/www.babyloniababycarriers.eu\/cs\/product\/tricot-slen-cool-navy-blue-one-size\/","title":{"rendered":"Tricot-Slen Cool &#8211; N\u00e1mo\u0159nick\u00e1 modr\u00e1 &#8211; Jedna velikost"},"content":{"rendered":"<p>Velmi lehk\u00e9, prody\u0161n\u00e9 a elastick\u00e9, odv\u00e1d\u011bj\u00edc\u00ed vlhkost, vyroben\u00e9 ze 100% vl\u00e1ken Newlife\u2122, jedine\u010dn\u00e9ho a certifikovan\u00e9ho vl\u00e1kna. T\u00e9m\u011b\u0159 nic nev\u00e1\u017e\u00ed, m\u00e1 stejnou nosnost jako tkanina, ale pru\u017enost stre\u010de! <\/p>\n","protected":false},"excerpt":{"rendered":"<p>Velmi lehk\u00e9, prody\u0161n\u00e9 a elastick\u00e9, odv\u00e1d\u011bj\u00edc\u00ed vlhkost, vyroben\u00e9 ze 100% vl\u00e1ken Newlife\u2122, jedine\u010dn\u00e9ho a certifikovan\u00e9ho vl\u00e1kna. T\u00e9m\u011b\u0159 nic nev\u00e1\u017e\u00ed, m\u00e1 stejnou nosnost jako tkanina, ale pru\u017enost stre\u010de! <\/p>\n","protected":false},"featured_media":4483,"comment_status":"open","ping_status":"closed","template":"","meta":[],"product_brand":[],"product_cat":[94],"product_tag":[],"class_list":{"0":"post-7049","1":"product","2":"type-product","3":"status-publish","4":"has-post-thumbnail","6":"product_cat-natahovaci-popruhy","8":"first","9":"instock","10":"taxable","11":"shipping-taxable","12":"purchasable","13":"product-type-simple"},"jetpack_sharing_enabled":true,"_links":{"self":[{"href":"https:\/\/www.babyloniababycarriers.eu\/cs\/wp-json\/wp\/v2\/product\/7049","targetHints":{"allow":["GET"]}}],"collection":[{"href":"https:\/\/www.babyloniababycarriers.eu\/cs\/wp-json\/wp\/v2\/product"}],"about":[{"href":"https:\/\/www.babyloniababycarriers.eu\/cs\/wp-json\/wp\/v2\/types\/product"}],"replies":[{"embeddable":true,"href":"https:\/\/www.babyloniababycarriers.eu\/cs\/wp-json\/wp\/v2\/comments?post=7049"}],"version-history":[{"count":1,"href":"https:\/\/www.babyloniababycarriers.eu\/cs\/wp-json\/wp\/v2\/product\/7049\/revisions"}],"predecessor-version":[{"id":8925,"href":"https:\/\/www.babyloniababycarriers.eu\/cs\/wp-json\/wp\/v2\/product\/7049\/revisions\/8925"}],"wp:featuredmedia":[{"embeddable":true,"href":"https:\/\/www.babyloniababycarriers.eu\/cs\/wp-json\/wp\/v2\/media\/4483"}],"wp:attachment":[{"href":"https:\/\/www.babyloniababycarriers.eu\/cs\/wp-json\/wp\/v2\/media?parent=7049"}],"wp:term":[{"taxonomy":"product_brand","embeddable":true,"href":"https:\/\/www.babyloniababycarriers.eu\/cs\/wp-json\/wp\/v2\/product_brand?post=7049"},{"taxonomy":"product_cat","embeddable":true,"href":"https:\/\/www.babyloniababycarriers.eu\/cs\/wp-json\/wp\/v2\/product_cat?post=7049"},{"taxonomy":"product_tag","embeddable":true,"href":"https:\/\/www.babyloniababycarriers.eu\/cs\/wp-json\/wp\/v2\/product_tag?post=7049"}],"curies":[{"name":"wp","href":"https:\/\/api.w.org\/{rel}","templated":true}]}}