{"id":11356,"date":"2025-11-28T11:11:12","date_gmt":"2025-11-28T10:11:12","guid":{"rendered":"https:\/\/www.babyloniababycarriers.eu\/?post_type=product&#038;p=11356"},"modified":"2025-11-28T11:13:06","modified_gmt":"2025-11-28T10:13:06","slug":"bola-pure-elegance-ruzove-zlato-kopie-kopie-kopie-kopie-kopie-kopie","status":"publish","type":"product","link":"https:\/\/www.babyloniababycarriers.eu\/cs\/product\/bola-pure-elegance-ruzove-zlato-kopie-kopie-kopie-kopie-kopie-kopie\/","title":{"rendered":"Bola &#8211; Pure Elegance &#8211; r\u016f\u017eov\u00e9 zlato (kopie) (kopie) (kopie) (kopie) (kopie) (kopie)"},"content":{"rendered":"<p>Od 20. t\u00fddne t\u011bhotenstv\u00ed bude va\u0161e miminko rozezn\u00e1vat v\u00e1\u0161 hlas, tlukot va\u0161eho srdce a mnoho dal\u0161\u00edch zvuk\u016f, v\u010detn\u011b uklid\u0148uj\u00edc\u00edch, jako je nap\u0159\u00edklad t\u011bhotensk\u00e1 bola Babylonia. T\u011bhotensk\u00e1 bola je \u0161perk obsahuj\u00edc\u00ed mal\u00fd xylofon. Bola se nos\u00ed na b\u0159i\u0161e s dlouh\u00fdm \u0159et\u00edzkem. P\u0159i ka\u017ed\u00e9m pohybu bude Bola vyd\u00e1vat uklid\u0148uj\u00edc\u00ed zvuk, jemn\u00e9 cink\u00e1n\u00ed, kter\u00e9 va\u0161e miminko pozn\u00e1, a to jak p\u0159ed porodem, tak po n\u011bm. Po porodu za\u0161ijete Bolu do ply\u0161ov\u00e9 hra\u010dky sv\u00e9ho miminka, aby mu p\u0159ipom\u00ednala sladk\u00e9 zvuky, kter\u00e9 sly\u0161elo ve va\u0161em b\u0159\u00ed\u0161ku. Zkombinujte tento kr\u00e1sn\u00fd \u0161perk s r\u016f\u017eovozlat\u00fdm, zlat\u00fdm nebo st\u0159\u00edbrn\u00fdm n\u00e1hrdeln\u00edkem Bola a budete skute\u010dnou ozdobou i pro sv\u00e9 miminko!     <\/p>\n","protected":false},"excerpt":{"rendered":"<p>Od 20. t\u00fddne t\u011bhotenstv\u00ed bude va\u0161e miminko rozezn\u00e1vat v\u00e1\u0161 hlas, tlukot va\u0161eho srdce a mnoho dal\u0161\u00edch zvuk\u016f, v\u010detn\u011b uklid\u0148uj\u00edc\u00edch, jako je nap\u0159\u00edklad t\u011bhotensk\u00e1 bola Babylonia. T\u011bhotensk\u00e1 bola je \u0161perk obsahuj\u00edc\u00ed mal\u00fd xylofon. Bola se nos\u00ed na b\u0159i\u0161e s dlouh\u00fdm \u0159et\u00edzkem. P\u0159i ka\u017ed\u00e9m pohybu bude Bola vyd\u00e1vat uklid\u0148uj\u00edc\u00ed zvuk, jemn\u00e9 cink\u00e1n\u00ed, kter\u00e9 va\u0161e miminko pozn\u00e1, a [&hellip;]<\/p>\n","protected":false},"featured_media":11366,"comment_status":"open","ping_status":"closed","template":"","meta":[],"product_brand":[],"product_cat":[85],"product_tag":[],"class_list":{"0":"post-11356","1":"product","2":"type-product","3":"status-publish","4":"has-post-thumbnail","6":"product_cat-baby-bola-cs","8":"first","9":"outofstock","10":"featured","11":"taxable","12":"shipping-taxable","13":"purchasable","14":"product-type-simple"},"jetpack_sharing_enabled":true,"_links":{"self":[{"href":"https:\/\/www.babyloniababycarriers.eu\/cs\/wp-json\/wp\/v2\/product\/11356","targetHints":{"allow":["GET"]}}],"collection":[{"href":"https:\/\/www.babyloniababycarriers.eu\/cs\/wp-json\/wp\/v2\/product"}],"about":[{"href":"https:\/\/www.babyloniababycarriers.eu\/cs\/wp-json\/wp\/v2\/types\/product"}],"replies":[{"embeddable":true,"href":"https:\/\/www.babyloniababycarriers.eu\/cs\/wp-json\/wp\/v2\/comments?post=11356"}],"version-history":[{"count":1,"href":"https:\/\/www.babyloniababycarriers.eu\/cs\/wp-json\/wp\/v2\/product\/11356\/revisions"}],"predecessor-version":[{"id":11375,"href":"https:\/\/www.babyloniababycarriers.eu\/cs\/wp-json\/wp\/v2\/product\/11356\/revisions\/11375"}],"wp:featuredmedia":[{"embeddable":true,"href":"https:\/\/www.babyloniababycarriers.eu\/cs\/wp-json\/wp\/v2\/media\/11366"}],"wp:attachment":[{"href":"https:\/\/www.babyloniababycarriers.eu\/cs\/wp-json\/wp\/v2\/media?parent=11356"}],"wp:term":[{"taxonomy":"product_brand","embeddable":true,"href":"https:\/\/www.babyloniababycarriers.eu\/cs\/wp-json\/wp\/v2\/product_brand?post=11356"},{"taxonomy":"product_cat","embeddable":true,"href":"https:\/\/www.babyloniababycarriers.eu\/cs\/wp-json\/wp\/v2\/product_cat?post=11356"},{"taxonomy":"product_tag","embeddable":true,"href":"https:\/\/www.babyloniababycarriers.eu\/cs\/wp-json\/wp\/v2\/product_tag?post=11356"}],"curies":[{"name":"wp","href":"https:\/\/api.w.org\/{rel}","templated":true}]}}