{"id":11101,"date":"2025-10-31T13:28:13","date_gmt":"2025-10-31T12:28:13","guid":{"rendered":"https:\/\/www.babyloniababycarriers.eu\/?post_type=product&#038;p=11101"},"modified":"2025-10-31T13:51:49","modified_gmt":"2025-10-31T12:51:49","slug":"tricot-slen-breeze-z-organicke-bavlny-kopie","status":"publish","type":"product","link":"https:\/\/www.babyloniababycarriers.eu\/cs\/product\/tricot-slen-breeze-z-organicke-bavlny-kopie\/","title":{"rendered":"Tricot-Slen Breeze z organick\u00e9 bavlny (kopie)"},"content":{"rendered":"<p class=\"cvGsUA direction-ltr align-start para-style-body\"><span class=\"OYPEnA font-feature-liga-off font-feature-clig-off font-feature-calt-off text-decoration-none text-strikethrough-none\">Na trhu je ji\u017e v\u00edce ne\u017e 25 let a d\u00edky jedine\u010dn\u00e9mu zp\u016fsobu pleten\u00ed je st\u00e1le nejlep\u0161\u00edm elastick\u00fdm z\u00e1v\u011bsem! Sling se snadno nasazuje a z\u00e1rove\u0148 nab\u00edz\u00ed vynikaj\u00edc\u00ed ergonomickou oporu. D\u00edky jedine\u010dn\u00e9 technice pleten\u00ed a NEpou\u017eit\u00ed elastanu je zabr\u00e1n\u011bno poskakov\u00e1n\u00ed p\u0159i no\u0161en\u00ed.  <\/span><\/p>\n<p class=\"cvGsUA direction-ltr align-start para-style-body\"><span class=\"OYPEnA font-feature-liga-off font-feature-clig-off font-feature-calt-off text-decoration-none text-strikethrough-none\">Bavln\u011bn\u00fd v\u00e1nek je vyroben z fantasticky m\u011bkk\u00e9 organick\u00e9 bavlny a neobsahuje \u017e\u00e1dn\u00e1 barviva. Tak\u017ee krom\u011b kr\u00e1sn\u00e9 barvy je to tak\u00e9 super ekologick\u00e1 volba! <\/span><\/p>\n<p>&nbsp;<\/p>\n<ul>\n<li><span class=\"OYPEnA font-feature-liga-off font-feature-clig-off font-feature-calt-off text-decoration-none text-strikethrough-none\">100% organick\u00e1 bavlna<\/span><\/li>\n<li><span class=\"OYPEnA font-feature-liga-off font-feature-clig-off font-feature-calt-off text-decoration-none text-strikethrough-none\">Elastick\u00fd z\u00e1v\u011bs bez elastanu<\/span><\/li>\n<li><span class=\"OYPEnA font-feature-liga-off font-feature-clig-off font-feature-calt-off text-decoration-none text-strikethrough-none\">Ide\u00e1ln\u00ed pro novorozence<\/span><\/li>\n<li><span class=\"OYPEnA font-feature-liga-off font-feature-clig-off font-feature-calt-off text-decoration-none text-strikethrough-none\">Udr\u017eiteln\u00fd a ekologick\u00fd<\/span><\/li>\n<li><span class=\"OYPEnA font-feature-liga-off font-feature-clig-off font-feature-calt-off text-decoration-none text-strikethrough-none\">Unik\u00e1tn\u00ed technika pleten\u00ed, kter\u00e1 zabra\u0148uje odskakov\u00e1n\u00ed<\/span><\/li>\n<li><strong><span class=\"OYPEnA font-feature-liga-off font-feature-clig-off font-feature-calt-off text-decoration-none text-strikethrough-none\">Bez pou\u017eit\u00ed barviv!<\/span><\/strong><\/li>\n<\/ul>\n","protected":false},"excerpt":{"rendered":"<p>Na trhu je ji\u017e v\u00edce ne\u017e 25 let a d\u00edky jedine\u010dn\u00e9mu zp\u016fsobu pleten\u00ed je st\u00e1le nejlep\u0161\u00edm elastick\u00fdm z\u00e1v\u011bsem! Sling se snadno nasazuje a z\u00e1rove\u0148 nab\u00edz\u00ed vynikaj\u00edc\u00ed ergonomickou oporu. D\u00edky jedine\u010dn\u00e9 technice pleten\u00ed a NEpou\u017eit\u00ed elastanu je zabr\u00e1n\u011bno poskakov\u00e1n\u00ed p\u0159i no\u0161en\u00ed. Bavln\u011bn\u00fd v\u00e1nek je vyroben z fantasticky m\u011bkk\u00e9 organick\u00e9 bavlny a neobsahuje \u017e\u00e1dn\u00e1 barviva. Tak\u017ee krom\u011b [&hellip;]<\/p>\n","protected":false},"featured_media":11111,"comment_status":"open","ping_status":"closed","template":"","meta":[],"product_brand":[],"product_cat":[94],"product_tag":[],"class_list":{"0":"post-11101","1":"product","2":"type-product","3":"status-publish","4":"has-post-thumbnail","6":"product_cat-natahovaci-popruhy","8":"first","9":"instock","10":"taxable","11":"shipping-taxable","12":"purchasable","13":"product-type-simple"},"jetpack_sharing_enabled":true,"_links":{"self":[{"href":"https:\/\/www.babyloniababycarriers.eu\/cs\/wp-json\/wp\/v2\/product\/11101","targetHints":{"allow":["GET"]}}],"collection":[{"href":"https:\/\/www.babyloniababycarriers.eu\/cs\/wp-json\/wp\/v2\/product"}],"about":[{"href":"https:\/\/www.babyloniababycarriers.eu\/cs\/wp-json\/wp\/v2\/types\/product"}],"replies":[{"embeddable":true,"href":"https:\/\/www.babyloniababycarriers.eu\/cs\/wp-json\/wp\/v2\/comments?post=11101"}],"version-history":[{"count":1,"href":"https:\/\/www.babyloniababycarriers.eu\/cs\/wp-json\/wp\/v2\/product\/11101\/revisions"}],"predecessor-version":[{"id":11121,"href":"https:\/\/www.babyloniababycarriers.eu\/cs\/wp-json\/wp\/v2\/product\/11101\/revisions\/11121"}],"wp:featuredmedia":[{"embeddable":true,"href":"https:\/\/www.babyloniababycarriers.eu\/cs\/wp-json\/wp\/v2\/media\/11111"}],"wp:attachment":[{"href":"https:\/\/www.babyloniababycarriers.eu\/cs\/wp-json\/wp\/v2\/media?parent=11101"}],"wp:term":[{"taxonomy":"product_brand","embeddable":true,"href":"https:\/\/www.babyloniababycarriers.eu\/cs\/wp-json\/wp\/v2\/product_brand?post=11101"},{"taxonomy":"product_cat","embeddable":true,"href":"https:\/\/www.babyloniababycarriers.eu\/cs\/wp-json\/wp\/v2\/product_cat?post=11101"},{"taxonomy":"product_tag","embeddable":true,"href":"https:\/\/www.babyloniababycarriers.eu\/cs\/wp-json\/wp\/v2\/product_tag?post=11101"}],"curies":[{"name":"wp","href":"https:\/\/api.w.org\/{rel}","templated":true}]}}