{"id":8540,"date":"2023-11-14T08:24:30","date_gmt":"2023-11-14T07:24:30","guid":{"rendered":"https:\/\/www.babyloniababycarriers.eu\/zakaznicky-servis\/"},"modified":"2025-01-14T15:11:19","modified_gmt":"2025-01-14T14:11:19","slug":"zakaznicky-servis","status":"publish","type":"page","link":"https:\/\/www.babyloniababycarriers.eu\/cs\/zakaznicky-servis\/","title":{"rendered":"Z\u00e1kaznick\u00fd servis"},"content":{"rendered":"\t\t<div data-elementor-type=\"wp-page\" data-elementor-id=\"8540\" class=\"elementor elementor-8540 elementor-89\" data-elementor-post-type=\"page\">\n\t\t\t\t<div class=\"elementor-element elementor-element-45d6361a e-con-full e-flex e-con e-parent\" data-id=\"45d6361a\" data-element_type=\"container\" data-e-type=\"container\">\n\t\t<div class=\"elementor-element elementor-element-6fd4e96 e-con-full e-flex e-con e-child\" data-id=\"6fd4e96\" data-element_type=\"container\" data-e-type=\"container\">\n\t\t\t\t<div class=\"elementor-element elementor-element-30c80a08 elementor-widget elementor-widget-woocommerce-breadcrumb\" data-id=\"30c80a08\" data-element_type=\"widget\" data-e-type=\"widget\" data-widget_type=\"woocommerce-breadcrumb.default\">\n\t\t\t\t<div class=\"elementor-widget-container\">\n\t\t\t\t\t<nav class=\"woocommerce-breadcrumb\" aria-label=\"Breadcrumb\">Dom\u016f<\/nav>\t\t\t\t<\/div>\n\t\t\t\t<\/div>\n\t\t\t\t<div class=\"elementor-element elementor-element-33e367f5 elementor-widget elementor-widget-table-of-contents\" data-id=\"33e367f5\" data-element_type=\"widget\" data-e-type=\"widget\" data-settings=\"{&quot;headings_by_tags&quot;:[&quot;h2&quot;],&quot;exclude_headings_by_selector&quot;:[],&quot;marker_view&quot;:&quot;bullets&quot;,&quot;icon&quot;:{&quot;value&quot;:&quot;fas fa-dot-circle&quot;,&quot;library&quot;:&quot;fa-solid&quot;,&quot;rendered_tag&quot;:&quot;&lt;svg class=\\&quot;e-font-icon-svg e-fas-dot-circle\\&quot; viewBox=\\&quot;0 0 512 512\\&quot; xmlns=\\&quot;http:\\\/\\\/www.w3.org\\\/2000\\\/svg\\&quot;&gt;&lt;path d=\\&quot;M256 8C119.033 8 8 119.033 8 256s111.033 248 248 248 248-111.033 248-248S392.967 8 256 8zm80 248c0 44.112-35.888 80-80 80s-80-35.888-80-80 35.888-80 80-80 80 35.888 80 80z\\&quot;&gt;&lt;\\\/path&gt;&lt;\\\/svg&gt;&quot;},&quot;sticky&quot;:&quot;top&quot;,&quot;sticky_offset&quot;:95,&quot;sticky_parent&quot;:&quot;yes&quot;,&quot;sticky_on&quot;:[&quot;desktop&quot;,&quot;tablet&quot;],&quot;no_headings_message&quot;:&quot;Er zijn geen kopteksten gevonden op deze pagina.&quot;,&quot;hierarchical_view&quot;:&quot;yes&quot;,&quot;min_height&quot;:{&quot;unit&quot;:&quot;px&quot;,&quot;size&quot;:&quot;&quot;,&quot;sizes&quot;:[]},&quot;min_height_tablet&quot;:{&quot;unit&quot;:&quot;px&quot;,&quot;size&quot;:&quot;&quot;,&quot;sizes&quot;:[]},&quot;min_height_mobile&quot;:{&quot;unit&quot;:&quot;px&quot;,&quot;size&quot;:&quot;&quot;,&quot;sizes&quot;:[]},&quot;sticky_effects_offset&quot;:0,&quot;sticky_anchor_link_offset&quot;:0}\" data-widget_type=\"table-of-contents.default\">\n\t\t\t\t<div class=\"elementor-widget-container\">\n\t\t\t\t\t\t\t\t\t<div class=\"elementor-toc__header\">\n\t\t\t\t\t\t<h3 class=\"elementor-toc__header-title\">\n\t\t\t\tObsah\t\t\t<\/h3>\n\t\t\t\t\t\t\t\t<\/div>\n\t\t\t\t<div id=\"elementor-toc__33e367f5\" class=\"elementor-toc__body\">\n\t\t\t<div class=\"elementor-toc__spinner-container\">\n\t\t\t\t<svg class=\"elementor-toc__spinner eicon-animation-spin e-font-icon-svg e-eicon-loading\" aria-hidden=\"true\" viewBox=\"0 0 1000 1000\" xmlns=\"http:\/\/www.w3.org\/2000\/svg\"><path d=\"M500 975V858C696 858 858 696 858 500S696 142 500 142 142 304 142 500H25C25 237 238 25 500 25S975 237 975 500 763 975 500 975Z\"><\/path><\/svg>\t\t\t<\/div>\n\t\t<\/div>\n\t\t\t\t\t\t<\/div>\n\t\t\t\t<\/div>\n\t\t\t\t<\/div>\n\t\t<div class=\"elementor-element elementor-element-3405a95d e-con-full e-flex e-con e-child\" data-id=\"3405a95d\" data-element_type=\"container\" data-e-type=\"container\">\n\t\t\t\t<div class=\"elementor-element elementor-element-39ee08f6 elementor-widget elementor-widget-heading\" data-id=\"39ee08f6\" data-element_type=\"widget\" data-e-type=\"widget\" data-widget_type=\"heading.default\">\n\t\t\t\t<div class=\"elementor-widget-container\">\n\t\t\t\t\t<h1 class=\"elementor-heading-title elementor-size-default\">Z\u00e1kaznick\u00fd servis<\/h1>\t\t\t\t<\/div>\n\t\t\t\t<\/div>\n\t\t\t\t<div class=\"elementor-element elementor-element-150f55df elementor-widget elementor-widget-heading\" data-id=\"150f55df\" data-element_type=\"widget\" data-e-type=\"widget\" data-widget_type=\"heading.default\">\n\t\t\t\t<div class=\"elementor-widget-container\">\n\t\t\t\t\t<h2 class=\"elementor-heading-title elementor-size-default\">Platba<\/h2>\t\t\t\t<\/div>\n\t\t\t\t<\/div>\n\t\t\t\t<div class=\"elementor-element elementor-element-67f817c8 elementor-widget elementor-widget-text-editor\" data-id=\"67f817c8\" data-element_type=\"widget\" data-e-type=\"widget\" data-widget_type=\"text-editor.default\">\n\t\t\t\t<div class=\"elementor-widget-container\">\n\t\t\t\t\t\t\t\t\t<p>Kupuj\u00edc\u00ed m\u016f\u017ee za svou objedn\u00e1vku zaplatit debetn\u00ed nebo kreditn\u00ed kartou, prost\u0159ednictv\u00edm slu\u017eby Paypal nebo iDeal nebo bankovn\u00edm p\u0159evodem na n\u00e1\u0161 bankovn\u00ed \u00fa\u010det, jak je uvedeno na webov\u00fdch str\u00e1nk\u00e1ch. Cena mus\u00ed b\u00fdt uhrazena v pln\u00e9 v\u00fd\u0161i p\u0159ed dod\u00e1n\u00edm zbo\u017e\u00ed. V p\u0159\u00edpad\u011b prodlen\u00ed s platbou je ipso iure a bez p\u0159edchoz\u00edho upozorn\u011bn\u00ed na prodlen\u00ed splatn\u00fd \u00farok z prodlen\u00ed ve v\u00fd\u0161i 6 % ro\u010dn\u011b a pau\u0161\u00e1ln\u00ed n\u00e1hrada administrativn\u00edch n\u00e1klad\u016f prod\u00e1vaj\u00edc\u00edho ve v\u00fd\u0161i 10 % z dlu\u017en\u00e9 \u010d\u00e1stky, minim\u00e1ln\u011b v\u0161ak 100 eur.  <\/p>\n\t\t\t\t\t\t\t\t<\/div>\n\t\t\t\t<\/div>\n\t\t\t\t<div class=\"elementor-element elementor-element-7ff20550 elementor-widget elementor-widget-heading\" data-id=\"7ff20550\" data-element_type=\"widget\" data-e-type=\"widget\" data-widget_type=\"heading.default\">\n\t\t\t\t<div class=\"elementor-widget-container\">\n\t\t\t\t\t<h2 class=\"elementor-heading-title elementor-size-default\">Pr\u00e1vo na odstoupen\u00ed od smlouvy<\/h2>\t\t\t\t<\/div>\n\t\t\t\t<\/div>\n\t\t\t\t<div class=\"elementor-element elementor-element-78603e60 elementor-widget elementor-widget-text-editor\" data-id=\"78603e60\" data-element_type=\"widget\" data-e-type=\"widget\" data-widget_type=\"text-editor.default\">\n\t\t\t\t<div class=\"elementor-widget-container\">\n\t\t\t\t\t\t\t\t\t<p style=\"color: #7a7a7a; font-family: 'Poppins (local)', sans-serif;\">Pokud je kupuj\u00edc\u00ed spot\u0159ebitelem, kter\u00fd nakupuje zbo\u017e\u00ed nebo slu\u017eby na d\u00e1lku, m\u00e1 pr\u00e1vo ozn\u00e1mit prod\u00e1vaj\u00edc\u00edmu, \u017ee se vzd\u00e1v\u00e1 koup\u011b, a to bez zaplacen\u00ed smluvn\u00ed pokuty a bez ud\u00e1n\u00ed d\u016fvodu, do 14 kalend\u00e1\u0159n\u00edch dn\u016f ode dne n\u00e1sleduj\u00edc\u00edho po dod\u00e1n\u00ed zbo\u017e\u00ed nebo uzav\u0159en\u00ed smlouvy o poskytov\u00e1n\u00ed slu\u017eeb. Vr\u00e1cen\u00ed pen\u011bz bude provedeno ve lh\u016ft\u011b 30 dn\u016f od obdr\u017een\u00ed \u017e\u00e1dosti o odstoupen\u00ed od smlouvy. Vr\u00e1cen\u00ed pen\u011bz bude provedeno p\u0159evodem na v\u00e1\u0161 bankovn\u00ed \u00fa\u010det nebo p\u0159ips\u00e1n\u00edm pen\u011bz na va\u0161i kreditn\u00ed kartu. Spot\u0159ebitel nem\u00e1 pr\u00e1vo odstoupit od smlouvy o koupi v p\u0159\u00edpadech stanoven\u00fdch z\u00e1konem a mimo jin\u00e9 v p\u0159\u00edpad\u011b, \u017ee zbo\u017e\u00ed bylo vyrobeno podle specifikac\u00ed spot\u0159ebitele nebo \u017ee pln\u011bn\u00ed smlouvy o poskytov\u00e1n\u00ed slu\u017eeb bylo zah\u00e1jeno p\u0159ed uplynut\u00edm lh\u016fty pro odstoupen\u00ed od smlouvy.   <\/p>\n<div> <\/div>\n\t\t\t\t\t\t\t\t<\/div>\n\t\t\t\t<\/div>\n\t\t\t\t<div class=\"elementor-element elementor-element-15fd14d1 elementor-widget elementor-widget-heading\" data-id=\"15fd14d1\" data-element_type=\"widget\" data-e-type=\"widget\" data-widget_type=\"heading.default\">\n\t\t\t\t<div class=\"elementor-widget-container\">\n\t\t\t\t\t<h2 class=\"elementor-heading-title elementor-size-default\">Dod\u00e1vka<\/h2>\t\t\t\t<\/div>\n\t\t\t\t<\/div>\n\t\t\t\t<div class=\"elementor-element elementor-element-37879914 elementor-widget elementor-widget-text-editor\" data-id=\"37879914\" data-element_type=\"widget\" data-e-type=\"widget\" data-widget_type=\"text-editor.default\">\n\t\t\t\t<div class=\"elementor-widget-container\">\n\t\t\t\t\t\t\t\t\t<p>Po p\u0159ijet\u00ed objedn\u00e1vky a zaplacen\u00ed bude zbo\u017e\u00ed nebo slu\u017eby doru\u010deny na doru\u010dovac\u00ed adresu, kterou jste zadali b\u011bhem procesu objedn\u00e1v\u00e1n\u00ed. Nen\u00ed-li stanoveno jinak, bude dod\u00e1n\u00ed provedeno do 30 dn\u016f od objedn\u00e1n\u00ed. Po uplynut\u00ed t\u00e9to lh\u016fty m\u00e1te pr\u00e1vo po\u017eadovat zru\u0161en\u00ed a vr\u00e1cen\u00ed pen\u011bz za n\u00e1kup. V opa\u010dn\u00e9m p\u0159\u00edpad\u011b nenese spole\u010dnost \u017e\u00e1dnou odpov\u011bdnost z d\u016fvodu pozdn\u00edho dod\u00e1n\u00ed, ani v p\u0159\u00edpad\u011b, \u017ee k dod\u00e1n\u00ed nem\u016f\u017ee doj\u00edt z d\u016fvodu nespr\u00e1vn\u00fdch nebo ne\u00fapln\u00fdch informac\u00ed, kter\u00e9 kupuj\u00edc\u00ed uvedl p\u0159i objedn\u00e1vce.   <\/p>\n\t\t\t\t\t\t\t\t<\/div>\n\t\t\t\t<\/div>\n\t\t\t\t<div class=\"elementor-element elementor-element-7820cf54 elementor-widget elementor-widget-heading\" data-id=\"7820cf54\" data-element_type=\"widget\" data-e-type=\"widget\" data-widget_type=\"heading.default\">\n\t\t\t\t<div class=\"elementor-widget-container\">\n\t\t\t\t\t<h2 class=\"elementor-heading-title elementor-size-default\">Kvalita a bezpe\u010dnost<\/h2>\t\t\t\t<\/div>\n\t\t\t\t<\/div>\n\t\t\t\t<div class=\"elementor-element elementor-element-7019e4f8 elementor-widget elementor-widget-text-editor\" data-id=\"7019e4f8\" data-element_type=\"widget\" data-e-type=\"widget\" data-widget_type=\"text-editor.default\">\n\t\t\t\t<div class=\"elementor-widget-container\">\n\t\t\t\t\t\t\t\t\t<p style=\"color: #7a7a7a; font-family: 'Poppins (local)', sans-serif;\">Spole\u010dnost se zavazuje poskytovat n\u011bkter\u00e9 zbo\u017e\u00ed a slu\u017eby, kter\u00e9 jsou v souladu s platn\u00fdmi pr\u00e1vn\u00edmi p\u0159edpisy Evropsk\u00e9 unie a Belgie. Spole\u010dnost nem\u016f\u017ee n\u00e9st odpov\u011bdnost v p\u0159\u00edpad\u011b nesouladu s pr\u00e1vn\u00edmi p\u0159edpisy zem\u011b mimo Evropskou unii, kam maj\u00ed b\u00fdt v\u00fdrobky dod\u00e1ny. Na zbo\u017e\u00ed prod\u00e1van\u00e9 spot\u0159ebitel\u016fm se vztahuje z\u00e1konn\u00e1 dvoulet\u00e1 z\u00e1ruka. Jak\u00fdkoli nesoulad t\u00fdkaj\u00edc\u00ed se prodeje spot\u0159ebiteli mus\u00ed b\u00fdt nahl\u00e1\u0161en do dvou m\u011bs\u00edc\u016f od zji\u0161t\u011bn\u00ed. Jak\u00e1koli st\u00ed\u017enost t\u00fdkaj\u00edc\u00ed se viditeln\u00e9ho po\u0161kozen\u00ed dodan\u00e9ho zbo\u017e\u00ed, jako\u017e i po\u0161kozen\u00ed zp\u016fsoben\u00e9ho b\u011bhem p\u0159epravy a doru\u010den\u00ed, mus\u00ed b\u00fdt formulov\u00e1na p\u00edsemn\u011b na pr\u016fvodn\u00edch dokladech v okam\u017eiku doru\u010den\u00ed nebo nahl\u00e1\u0161ena e-mailem do 24 hodin od doru\u010den\u00ed. Tot\u00e9\u017e plat\u00ed pro nevyhovuj\u00edc\u00ed nebo ne\u00fapln\u00e9 dod\u00e1vky. V p\u0159\u00edpad\u011b jak\u00fdchkoli dal\u0161\u00edch informac\u00ed nebo dotaz\u016f je n\u00e1\u0161 z\u00e1kaznick\u00fd servis kdykoli k dispozici na telefonn\u00edm \u010d\u00edsle +32 54 240 330 a na e-mailov\u00e9 adrese info@chamo.be.      <\/p>\n<div> <\/div>\n\t\t\t\t\t\t\t\t<\/div>\n\t\t\t\t<\/div>\n\t\t\t\t<div class=\"elementor-element elementor-element-276b4e0e elementor-widget elementor-widget-heading\" data-id=\"276b4e0e\" data-element_type=\"widget\" data-e-type=\"widget\" data-widget_type=\"heading.default\">\n\t\t\t\t<div class=\"elementor-widget-container\">\n\t\t\t\t\t<h2 class=\"elementor-heading-title elementor-size-default\">\u010cASTO KLADEN\u00c9 DOTAZY<\/h2>\t\t\t\t<\/div>\n\t\t\t\t<\/div>\n\t\t\t\t<div class=\"elementor-element elementor-element-5ef09d85 elementor-widget elementor-widget-toggle\" data-id=\"5ef09d85\" data-element_type=\"widget\" data-e-type=\"widget\" data-widget_type=\"toggle.default\">\n\t\t\t\t<div class=\"elementor-widget-container\">\n\t\t\t\t\t\t\t<div class=\"elementor-toggle\">\n\t\t\t\t\t\t\t<div class=\"elementor-toggle-item\">\n\t\t\t\t\t<div id=\"elementor-tab-title-1591\" class=\"elementor-tab-title\" data-tab=\"1\" role=\"button\" aria-controls=\"elementor-tab-content-1591\" aria-expanded=\"false\">\n\t\t\t\t\t\t\t\t\t\t\t\t<span class=\"elementor-toggle-icon elementor-toggle-icon-right\" aria-hidden=\"true\">\n\t\t\t\t\t\t\t\t\t\t\t\t\t\t\t<span class=\"elementor-toggle-icon-closed\"><svg class=\"e-font-icon-svg e-fas-chevron-down\" viewBox=\"0 0 448 512\" xmlns=\"http:\/\/www.w3.org\/2000\/svg\"><path d=\"M207.029 381.476L12.686 187.132c-9.373-9.373-9.373-24.569 0-33.941l22.667-22.667c9.357-9.357 24.522-9.375 33.901-.04L224 284.505l154.745-154.021c9.379-9.335 24.544-9.317 33.901.04l22.667 22.667c9.373 9.373 9.373 24.569 0 33.941L240.971 381.476c-9.373 9.372-24.569 9.372-33.942 0z\"><\/path><\/svg><\/span>\n\t\t\t\t\t\t\t\t<span class=\"elementor-toggle-icon-opened\"><svg class=\"elementor-toggle-icon-opened e-font-icon-svg e-fas-chevron-up\" viewBox=\"0 0 448 512\" xmlns=\"http:\/\/www.w3.org\/2000\/svg\"><path d=\"M240.971 130.524l194.343 194.343c9.373 9.373 9.373 24.569 0 33.941l-22.667 22.667c-9.357 9.357-24.522 9.375-33.901.04L224 227.495 69.255 381.516c-9.379 9.335-24.544 9.317-33.901-.04l-22.667-22.667c-9.373-9.373-9.373-24.569 0-33.941L207.03 130.525c9.372-9.373 24.568-9.373 33.941-.001z\"><\/path><\/svg><\/span>\n\t\t\t\t\t\t\t\t\t\t\t\t\t<\/span>\n\t\t\t\t\t\t\t\t\t\t\t\t<a class=\"elementor-toggle-title\" tabindex=\"0\">Jak dlouho trv\u00e1 p\u0159eprava?<\/a>\n\t\t\t\t\t<\/div>\n\n\t\t\t\t\t<div id=\"elementor-tab-content-1591\" class=\"elementor-tab-content elementor-clearfix\" data-tab=\"1\" role=\"region\" aria-labelledby=\"elementor-tab-title-1591\"><p>2 a\u017e 3 dny<\/p>\n<\/div>\n\t\t\t\t<\/div>\n\t\t\t\t\t\t\t<div class=\"elementor-toggle-item\">\n\t\t\t\t\t<div id=\"elementor-tab-title-1592\" class=\"elementor-tab-title\" data-tab=\"2\" role=\"button\" aria-controls=\"elementor-tab-content-1592\" aria-expanded=\"false\">\n\t\t\t\t\t\t\t\t\t\t\t\t<span class=\"elementor-toggle-icon elementor-toggle-icon-right\" aria-hidden=\"true\">\n\t\t\t\t\t\t\t\t\t\t\t\t\t\t\t<span class=\"elementor-toggle-icon-closed\"><svg class=\"e-font-icon-svg e-fas-chevron-down\" viewBox=\"0 0 448 512\" xmlns=\"http:\/\/www.w3.org\/2000\/svg\"><path d=\"M207.029 381.476L12.686 187.132c-9.373-9.373-9.373-24.569 0-33.941l22.667-22.667c9.357-9.357 24.522-9.375 33.901-.04L224 284.505l154.745-154.021c9.379-9.335 24.544-9.317 33.901.04l22.667 22.667c9.373 9.373 9.373 24.569 0 33.941L240.971 381.476c-9.373 9.372-24.569 9.372-33.942 0z\"><\/path><\/svg><\/span>\n\t\t\t\t\t\t\t\t<span class=\"elementor-toggle-icon-opened\"><svg class=\"elementor-toggle-icon-opened e-font-icon-svg e-fas-chevron-up\" viewBox=\"0 0 448 512\" xmlns=\"http:\/\/www.w3.org\/2000\/svg\"><path d=\"M240.971 130.524l194.343 194.343c9.373 9.373 9.373 24.569 0 33.941l-22.667 22.667c-9.357 9.357-24.522 9.375-33.901.04L224 227.495 69.255 381.516c-9.379 9.335-24.544 9.317-33.901-.04l-22.667-22.667c-9.373-9.373-9.373-24.569 0-33.941L207.03 130.525c9.372-9.373 24.568-9.373 33.941-.001z\"><\/path><\/svg><\/span>\n\t\t\t\t\t\t\t\t\t\t\t\t\t<\/span>\n\t\t\t\t\t\t\t\t\t\t\t\t<a class=\"elementor-toggle-title\" tabindex=\"0\">Jak dlouho m\u00e1m na vr\u00e1cen\u00ed zbo\u017e\u00ed?<\/a>\n\t\t\t\t\t<\/div>\n\n\t\t\t\t\t<div id=\"elementor-tab-content-1592\" class=\"elementor-tab-content elementor-clearfix\" data-tab=\"2\" role=\"region\" aria-labelledby=\"elementor-tab-title-1592\"><p>14 dn\u00ed <\/p>\n<\/div>\n\t\t\t\t<\/div>\n\t\t\t\t\t\t\t<div class=\"elementor-toggle-item\">\n\t\t\t\t\t<div id=\"elementor-tab-title-1593\" class=\"elementor-tab-title\" data-tab=\"3\" role=\"button\" aria-controls=\"elementor-tab-content-1593\" aria-expanded=\"false\">\n\t\t\t\t\t\t\t\t\t\t\t\t<span class=\"elementor-toggle-icon elementor-toggle-icon-right\" aria-hidden=\"true\">\n\t\t\t\t\t\t\t\t\t\t\t\t\t\t\t<span class=\"elementor-toggle-icon-closed\"><svg class=\"e-font-icon-svg e-fas-chevron-down\" viewBox=\"0 0 448 512\" xmlns=\"http:\/\/www.w3.org\/2000\/svg\"><path d=\"M207.029 381.476L12.686 187.132c-9.373-9.373-9.373-24.569 0-33.941l22.667-22.667c9.357-9.357 24.522-9.375 33.901-.04L224 284.505l154.745-154.021c9.379-9.335 24.544-9.317 33.901.04l22.667 22.667c9.373 9.373 9.373 24.569 0 33.941L240.971 381.476c-9.373 9.372-24.569 9.372-33.942 0z\"><\/path><\/svg><\/span>\n\t\t\t\t\t\t\t\t<span class=\"elementor-toggle-icon-opened\"><svg class=\"elementor-toggle-icon-opened e-font-icon-svg e-fas-chevron-up\" viewBox=\"0 0 448 512\" xmlns=\"http:\/\/www.w3.org\/2000\/svg\"><path d=\"M240.971 130.524l194.343 194.343c9.373 9.373 9.373 24.569 0 33.941l-22.667 22.667c-9.357 9.357-24.522 9.375-33.901.04L224 227.495 69.255 381.516c-9.379 9.335-24.544 9.317-33.901-.04l-22.667-22.667c-9.373-9.373-9.373-24.569 0-33.941L207.03 130.525c9.372-9.373 24.568-9.373 33.941-.001z\"><\/path><\/svg><\/span>\n\t\t\t\t\t\t\t\t\t\t\t\t\t<\/span>\n\t\t\t\t\t\t\t\t\t\t\t\t<a class=\"elementor-toggle-title\" tabindex=\"0\">Jak mohu vr\u00e1tit zbo\u017e\u00ed?<\/a>\n\t\t\t\t\t<\/div>\n\n\t\t\t\t\t<div id=\"elementor-tab-content-1593\" class=\"elementor-tab-content elementor-clearfix\" data-tab=\"3\" role=\"region\" aria-labelledby=\"elementor-tab-title-1593\"><p>Za vr\u00e1cen\u00ed v\u00fdrobku je odpov\u011bdn\u00fd z\u00e1kazn\u00edk.<\/p>\n<\/div>\n\t\t\t\t<\/div>\n\t\t\t\t\t\t\t\t<\/div>\n\t\t\t\t\t\t<\/div>\n\t\t\t\t<\/div>\n\t\t\t\t<\/div>\n\t\t\t\t<\/div>\n\t\t\t\t<\/div>\n\t\t","protected":false},"excerpt":{"rendered":"<p>Obsah Z\u00e1kaznick\u00fd servis Platba Kupuj\u00edc\u00ed m\u016f\u017ee za svou objedn\u00e1vku zaplatit debetn\u00ed nebo kreditn\u00ed kartou, prost\u0159ednictv\u00edm slu\u017eby Paypal nebo iDeal nebo bankovn\u00edm p\u0159evodem na n\u00e1\u0161 bankovn\u00ed \u00fa\u010det, jak je uvedeno na webov\u00fdch str\u00e1nk\u00e1ch. Cena mus\u00ed b\u00fdt uhrazena v pln\u00e9 v\u00fd\u0161i p\u0159ed dod\u00e1n\u00edm zbo\u017e\u00ed. V p\u0159\u00edpad\u011b prodlen\u00ed s platbou je ipso iure a bez p\u0159edchoz\u00edho upozorn\u011bn\u00ed na [&hellip;]<\/p>\n","protected":false},"author":1,"featured_media":0,"parent":0,"menu_order":0,"comment_status":"closed","ping_status":"closed","template":"elementor_header_footer","meta":{"footnotes":""},"class_list":["post-8540","page","type-page","status-publish","hentry"],"jetpack_sharing_enabled":true,"_links":{"self":[{"href":"https:\/\/www.babyloniababycarriers.eu\/cs\/wp-json\/wp\/v2\/pages\/8540","targetHints":{"allow":["GET"]}}],"collection":[{"href":"https:\/\/www.babyloniababycarriers.eu\/cs\/wp-json\/wp\/v2\/pages"}],"about":[{"href":"https:\/\/www.babyloniababycarriers.eu\/cs\/wp-json\/wp\/v2\/types\/page"}],"author":[{"embeddable":true,"href":"https:\/\/www.babyloniababycarriers.eu\/cs\/wp-json\/wp\/v2\/users\/1"}],"replies":[{"embeddable":true,"href":"https:\/\/www.babyloniababycarriers.eu\/cs\/wp-json\/wp\/v2\/comments?post=8540"}],"version-history":[{"count":8,"href":"https:\/\/www.babyloniababycarriers.eu\/cs\/wp-json\/wp\/v2\/pages\/8540\/revisions"}],"predecessor-version":[{"id":9377,"href":"https:\/\/www.babyloniababycarriers.eu\/cs\/wp-json\/wp\/v2\/pages\/8540\/revisions\/9377"}],"wp:attachment":[{"href":"https:\/\/www.babyloniababycarriers.eu\/cs\/wp-json\/wp\/v2\/media?parent=8540"}],"curies":[{"name":"wp","href":"https:\/\/api.w.org\/{rel}","templated":true}]}}