{"id":8470,"date":"2023-11-14T08:24:29","date_gmt":"2023-11-14T07:24:29","guid":{"rendered":"https:\/\/www.babyloniababycarriers.eu\/podminky-a-pravidla\/"},"modified":"2025-01-14T15:11:21","modified_gmt":"2025-01-14T14:11:21","slug":"podminky-a-pravidla","status":"publish","type":"page","link":"https:\/\/www.babyloniababycarriers.eu\/cs\/podminky-a-pravidla\/","title":{"rendered":"Podm\u00ednky a pravidla"},"content":{"rendered":"\t\t<div data-elementor-type=\"wp-page\" data-elementor-id=\"8470\" class=\"elementor elementor-8470 elementor-77\" data-elementor-post-type=\"page\">\n\t\t\t\t<div class=\"elementor-element elementor-element-3b1840a0 e-flex e-con-boxed e-con e-parent\" data-id=\"3b1840a0\" data-element_type=\"container\" data-e-type=\"container\">\n\t\t\t\t\t<div class=\"e-con-inner\">\n\t\t\t\t<div class=\"elementor-element elementor-element-24b270da elementor-widget elementor-widget-heading\" data-id=\"24b270da\" data-element_type=\"widget\" data-e-type=\"widget\" data-widget_type=\"heading.default\">\n\t\t\t\t<div class=\"elementor-widget-container\">\n\t\t\t\t\t<h1 class=\"elementor-heading-title elementor-size-default\">Podm\u00ednky a pravidla<\/h1>\t\t\t\t<\/div>\n\t\t\t\t<\/div>\n\t\t\t\t<div class=\"elementor-element elementor-element-5d0af1ac elementor-widget elementor-widget-text-editor\" data-id=\"5d0af1ac\" data-element_type=\"widget\" data-e-type=\"widget\" data-widget_type=\"text-editor.default\">\n\t\t\t\t<div class=\"elementor-widget-container\">\n\t\t\t\t\t\t\t\t\t<h2>\u010cl\u00e1nek 1: Online prodej<\/h2>\n<p>Spole\u010dnost Chamo BV provozuje tyto webov\u00e9 str\u00e1nky za \u00fa\u010delem prodeje sv\u00fdch v\u00fdrobk\u016f z\u00e1kazn\u00edk\u016fm po cel\u00e9m sv\u011bt\u011b. Tyto podm\u00ednky upravuj\u00ed prodej v\u00fdrobk\u016f prost\u0159ednictv\u00edm webov\u00fdch str\u00e1nek. Spole\u010dnost, d\u00e1le tak\u00e9 &#8222;my&#8220; nebo &#8222;n\u00e1s&#8220;, je usazena v Geraardsbergenu a m\u00e1 \u010d\u00edslo spole\u010dnosti BE0875.816.760. Lze ji kontaktovat telefonicky na \u010d\u00edsle +32 54 240 330 a e-mailem na adrese bureau@chamo.be. Kupuj\u00edc\u00edm je ka\u017ed\u00e1 osoba, kter\u00e1 nakupuje nebo objedn\u00e1v\u00e1 zbo\u017e\u00ed \u010di slu\u017eby prost\u0159ednictv\u00edm webov\u00fdch str\u00e1nek www.babylonia.eu a je d\u00e1le ozna\u010dov\u00e1na jako &#8222;kupuj\u00edc\u00ed&#8220; nebo jako &#8222;vy&#8220;. N\u00e1kupem nebo objedn\u00e1n\u00edm zbo\u017e\u00ed a slu\u017eeb prost\u0159ednictv\u00edm webov\u00fdch str\u00e1nek neodvolateln\u011b p\u0159ij\u00edm\u00e1te tyto obchodn\u00ed podm\u00ednky ve zn\u011bn\u00ed platn\u00e9m v dob\u011b objedn\u00e1n\u00ed a pou\u017eit\u00ed v\u0161ech ostatn\u00edch obchodn\u00edch podm\u00ednek je vylou\u010deno.     <\/p>\n<h2>\u010cl\u00e1nek 2: Cena<\/h2>\n<p>Ceny na\u0161eho zbo\u017e\u00ed a slu\u017eeb jsou na webov\u00fdch str\u00e1nk\u00e1ch uvedeny v eurech a zahrnuj\u00ed DPH a dal\u0161\u00ed povinn\u00e9 p\u0159\u00edplatky. N\u00e1klady na doru\u010den\u00ed jsou uvedeny zvl\u00e1\u0161\u0165 podle toho, jakou volbu v tomto ohledu u\u010din\u00edte. Ceny jsou splatn\u00e9 v eurech bez ohledu na m\u00edsto dod\u00e1n\u00ed nebo bydli\u0161t\u011b kupuj\u00edc\u00edho. Spole\u010dnost neodpov\u00edd\u00e1 za to, pokud jsou za dod\u00e1n\u00ed zbo\u017e\u00ed a slu\u017eeb mimo Evropskou unii \u00fa\u010dtov\u00e1na cla nebo jin\u00e9 m\u00edstn\u00ed poplatky \u010di dan\u011b. Ve\u0161ker\u00e1 takov\u00e1 cla nebo dan\u011b hrad\u00edte vy, kupuj\u00edc\u00ed, a jste rovn\u011b\u017e povinni p\u0159\u00edpadn\u011b u\u010dinit prohl\u00e1\u0161en\u00ed u p\u0159\u00edslu\u0161n\u00fdch org\u00e1n\u016f zem\u011b dod\u00e1n\u00ed. Spole\u010dnost si vyhrazuje pr\u00e1vo kdykoli upravit sv\u00e9 ceny, a to bez p\u0159edchoz\u00edho upozorn\u011bn\u00ed. Zbo\u017e\u00ed a slu\u017eby jsou fakturov\u00e1ny na z\u00e1klad\u011b ceny platn\u00e9 v dob\u011b registrace objedn\u00e1vky, s v\u00fdhradou dostupnosti a s v\u00fdhradou administrativn\u00edch chyb. Zbo\u017e\u00ed z\u016fst\u00e1v\u00e1 majetkem spole\u010dnosti a\u017e do \u00fapln\u00e9ho zaplacen\u00ed ceny. I p\u0159es tuto v\u00fdhradu vlastnictv\u00ed p\u0159ech\u00e1z\u00ed nebezpe\u010d\u00ed ztr\u00e1ty nebo po\u0161kozen\u00ed na kupuj\u00edc\u00edho od okam\u017eiku dod\u00e1n\u00ed zbo\u017e\u00ed. Ve\u0161ker\u00e9 ak\u010dn\u00ed nab\u00eddky jsou platn\u00e9 do uveden\u00e9ho data nebo v ka\u017ed\u00e9m p\u0159\u00edpad\u011b maxim\u00e1ln\u011b po dobu jednoho m\u011bs\u00edce od jejich vyhl\u00e1\u0161en\u00ed. Nejsou kumulativn\u00ed. Slevov\u00e9 poukazy nelze vym\u011bnit za pen\u011b\u017en\u00ed hodnotu a nejsou pln\u011b ani \u010d\u00e1ste\u010dn\u011b vratn\u00e9.           <\/p>\n<h2>\u010cl\u00e1nek 3: Uzav\u0159en\u00ed kupn\u00ed smlouvy<\/h2>\n<p>Prodej a n\u00e1kup je uzav\u0159en pot\u00e9, co jste si na webov\u00fdch str\u00e1nk\u00e1ch vybrali zbo\u017e\u00ed a slu\u017eby, potvrdili jste n\u00e1kup po kontrole objednan\u00e9ho zbo\u017e\u00ed a slu\u017eeb a ceny, objedn\u00e1vka byla p\u0159ijata a my jsme v\u00e1m ji potvrdili. Spole\u010dnost si vyhrazuje pr\u00e1vo zru\u0161it jakoukoli objedn\u00e1vku z\u00e1kazn\u00edka, s n\u00edm\u017e je veden spor ohledn\u011b \u00fahrady jin\u00e9 objedn\u00e1vky. Spole\u010dnost si rovn\u011b\u017e vyhrazuje pr\u00e1vo vy\u017e\u00e1dat si dopl\u0148uj\u00edc\u00ed informace z d\u016fvodu bezpe\u010dnosti a ochrany z\u00e1kazn\u00edka a v opa\u010dn\u00e9m p\u0159\u00edpad\u011b odm\u00edtnout vy\u0159\u00edzen\u00ed objedn\u00e1vky.  <\/p>\n<h2>\u010cl\u00e1nek 4: Dostupnost<\/h2>\n<p>Na\u0161e nab\u00eddky plat\u00ed do vyprod\u00e1n\u00ed z\u00e1sob nebo v z\u00e1vislosti na dostupnosti u dodavatele nebo v\u00fdrobce. V p\u0159\u00edpad\u011b nedostupnosti po zad\u00e1n\u00ed objedn\u00e1vky v\u00e1s budeme co nejd\u0159\u00edve informovat, ani\u017e bychom byli povinni platit jakoukoli n\u00e1hradu. V tomto ohledu vylu\u010dujeme jakoukoli odpov\u011bdnost.  <\/p>\n<h2>\u010cl\u00e1nek 5: Dod\u00e1n\u00ed<\/h2>\n<p>Po p\u0159ijet\u00ed objedn\u00e1vky a zaplacen\u00ed bude zbo\u017e\u00ed nebo slu\u017eby doru\u010deny na doru\u010dovac\u00ed adresu, kterou jste zadali b\u011bhem procesu objedn\u00e1v\u00e1n\u00ed. Nen\u00ed-li stanoveno jinak, bude dod\u00e1n\u00ed provedeno do 30 dn\u016f od objedn\u00e1n\u00ed. Po uplynut\u00ed t\u00e9to lh\u016fty m\u00e1te pr\u00e1vo po\u017eadovat zru\u0161en\u00ed a vr\u00e1cen\u00ed pen\u011bz za n\u00e1kup. V opa\u010dn\u00e9m p\u0159\u00edpad\u011b nenese spole\u010dnost \u017e\u00e1dnou odpov\u011bdnost z d\u016fvodu pozdn\u00edho dod\u00e1n\u00ed, ani v p\u0159\u00edpad\u011b, \u017ee k dod\u00e1n\u00ed nem\u016f\u017ee doj\u00edt z d\u016fvodu nespr\u00e1vn\u00fdch nebo ne\u00fapln\u00fdch informac\u00ed, kter\u00e9 kupuj\u00edc\u00ed uvedl p\u0159i objedn\u00e1vce.   <\/p>\n<h2>\u010cl\u00e1nek 6: Pr\u00e1vo na odstoupen\u00ed od smlouvy<\/h2>\n<p>Pokud je kupuj\u00edc\u00ed spot\u0159ebitelem, kter\u00fd nakupuje zbo\u017e\u00ed nebo slu\u017eby na d\u00e1lku, m\u00e1 pr\u00e1vo ozn\u00e1mit prod\u00e1vaj\u00edc\u00edmu, \u017ee se vzd\u00e1v\u00e1 koup\u011b, a to bez zaplacen\u00ed smluvn\u00ed pokuty a bez ud\u00e1n\u00ed d\u016fvodu, do 14 kalend\u00e1\u0159n\u00edch dn\u016f ode dne n\u00e1sleduj\u00edc\u00edho po dod\u00e1n\u00ed zbo\u017e\u00ed nebo uzav\u0159en\u00ed smlouvy o poskytov\u00e1n\u00ed slu\u017eeb. Vr\u00e1cen\u00ed pen\u011bz bude provedeno ve lh\u016ft\u011b 30 dn\u016f od obdr\u017een\u00ed \u017e\u00e1dosti o odstoupen\u00ed od smlouvy. Vr\u00e1cen\u00ed pen\u011bz bude provedeno p\u0159evodem na v\u00e1\u0161 bankovn\u00ed \u00fa\u010det nebo p\u0159ips\u00e1n\u00edm pen\u011bz na va\u0161i kreditn\u00ed kartu. Spot\u0159ebitel nem\u00e1 pr\u00e1vo odstoupit od smlouvy o koupi v p\u0159\u00edpadech stanoven\u00fdch z\u00e1konem a mimo jin\u00e9 v p\u0159\u00edpad\u011b, \u017ee zbo\u017e\u00ed bylo vyrobeno podle specifikac\u00ed spot\u0159ebitele nebo \u017ee pln\u011bn\u00ed smlouvy o poskytov\u00e1n\u00ed slu\u017eeb bylo zah\u00e1jeno p\u0159ed uplynut\u00edm lh\u016fty pro odstoupen\u00ed od smlouvy.   <\/p>\n<h2>\u010cl\u00e1nek 7: Platba<\/h2>\n<p>Kupuj\u00edc\u00ed m\u016f\u017ee za svou objedn\u00e1vku zaplatit debetn\u00ed nebo kreditn\u00ed kartou, prost\u0159ednictv\u00edm slu\u017eby Paypal nebo iDeal nebo bankovn\u00edm p\u0159evodem na n\u00e1\u0161 bankovn\u00ed \u00fa\u010det, jak je uvedeno na webov\u00fdch str\u00e1nk\u00e1ch. Cena mus\u00ed b\u00fdt uhrazena v pln\u00e9 v\u00fd\u0161i p\u0159ed dod\u00e1n\u00edm zbo\u017e\u00ed. V p\u0159\u00edpad\u011b prodlen\u00ed s platbou je ipso iure a bez p\u0159edchoz\u00edho upozorn\u011bn\u00ed na prodlen\u00ed splatn\u00fd \u00farok z prodlen\u00ed ve v\u00fd\u0161i 6 % ro\u010dn\u011b a pau\u0161\u00e1ln\u00ed n\u00e1hrada administrativn\u00edch n\u00e1klad\u016f prod\u00e1vaj\u00edc\u00edho ve v\u00fd\u0161i 10 % z dlu\u017en\u00e9 \u010d\u00e1stky, minim\u00e1ln\u011b v\u0161ak 100 eur.  <\/p>\n<h2>\u010cl\u00e1nek 8: D\u00e1rkov\u00e9 poukazy<\/h2>\n<p>Elektronick\u00e9 a pap\u00edrov\u00e9 d\u00e1rkov\u00e9 poukazy spole\u010dnosti lze pou\u017e\u00edt na webov\u00fdch str\u00e1nk\u00e1ch www.babylonia.eu. Jejich platnost je jeden rok od data vyd\u00e1n\u00ed a lze je prodlou\u017eit o dal\u0161\u00ed rok prost\u0159ednictv\u00edm administrativn\u00edho poplatku. Chcete-li pouk\u00e1zky pou\u017e\u00edt, vyberte na str\u00e1nce &#8222;Platba&#8220; mo\u017enost &#8222;Dal\u0161\u00ed mo\u017enosti platby&#8220; a pot\u00e9 &#8222;D\u00e1rkov\u00fd poukaz&#8220;. Do p\u0159\u00edslu\u0161n\u00e9ho pole zadejte sv\u016fj k\u00f3d. Pokud \u010d\u00e1stka va\u0161\u00ed objedn\u00e1vky p\u0159es\u00e1hne \u010d\u00e1stku d\u00e1rkov\u00e9ho poukazu, budete muset rozd\u00edl doplatit. Pokud je \u010d\u00e1stka va\u0161\u00ed objedn\u00e1vky ni\u017e\u0161\u00ed ne\u017e \u010d\u00e1stka d\u00e1rkov\u00e9ho poukazu, z\u016fstane v\u00e1m tento z\u016fstatek ve form\u011b kreditu. Pr\u016fb\u011bh \u010derp\u00e1n\u00ed kreditu m\u016f\u017eete sledovat prost\u0159ednictv\u00edm sekce &#8222;m\u016fj \u00fa\u010det&#8220;.      <\/p>\n<h2>\u010cl\u00e1nek 9: Du\u0161evn\u00ed vlastnictv\u00ed<\/h2>\n<p>V\u0161echny texty, koment\u00e1\u0159e, \u010dasopisy, ilustrace a obr\u00e1zky zobrazen\u00e9 na webov\u00fdch str\u00e1nk\u00e1ch www.babylonia.eu jsou chr\u00e1n\u011bny autorsk\u00fdm pr\u00e1vem a pr\u00e1vy s n\u00edm souvisej\u00edc\u00edmi, jako\u017e i v\u0161emi z\u00e1kony o du\u0161evn\u00edm vlastnictv\u00ed na cel\u00e9m sv\u011bt\u011b. Jak\u00e1koli \u010d\u00e1ste\u010dn\u00e1 nebo \u00fapln\u00e1 reprodukce webov\u00fdch str\u00e1nek nebo katalogu spole\u010dnosti je p\u0159\u00edsn\u011b zak\u00e1z\u00e1na. <\/p>\n<h2>\u010cl\u00e1nek 10: Odpov\u011bdnost<\/h2>\n<p>Spole\u010dnost se zavazuje poskytovat n\u011bkter\u00e9 zbo\u017e\u00ed a slu\u017eby, kter\u00e9 jsou v souladu s platn\u00fdmi pr\u00e1vn\u00edmi p\u0159edpisy Evropsk\u00e9 unie a Belgie. Spole\u010dnost nem\u016f\u017ee n\u00e9st odpov\u011bdnost v p\u0159\u00edpad\u011b nesouladu s pr\u00e1vn\u00edmi p\u0159edpisy zem\u011b mimo Evropskou unii, kam maj\u00ed b\u00fdt v\u00fdrobky dod\u00e1ny. Na zbo\u017e\u00ed prod\u00e1van\u00e9 spot\u0159ebitel\u016fm se vztahuje z\u00e1konn\u00e1 dvoulet\u00e1 z\u00e1ruka. Jak\u00fdkoli nesoulad t\u00fdkaj\u00edc\u00ed se prodeje spot\u0159ebiteli mus\u00ed b\u00fdt nahl\u00e1\u0161en do dvou m\u011bs\u00edc\u016f od zji\u0161t\u011bn\u00ed. Jak\u00e1koli st\u00ed\u017enost t\u00fdkaj\u00edc\u00ed se viditeln\u00e9ho po\u0161kozen\u00ed dodan\u00e9ho zbo\u017e\u00ed, jako\u017e i po\u0161kozen\u00ed zp\u016fsoben\u00e9ho b\u011bhem p\u0159epravy a doru\u010den\u00ed, mus\u00ed b\u00fdt formulov\u00e1na p\u00edsemn\u011b na pr\u016fvodn\u00edch dokladech v okam\u017eiku doru\u010den\u00ed nebo nahl\u00e1\u0161ena e-mailem do 24 hodin od doru\u010den\u00ed. Tot\u00e9\u017e plat\u00ed pro nevyhovuj\u00edc\u00ed nebo ne\u00fapln\u00e9 dod\u00e1vky. V p\u0159\u00edpad\u011b jak\u00fdchkoli dal\u0161\u00edch informac\u00ed nebo dotaz\u016f je n\u00e1\u0161 z\u00e1kaznick\u00fd servis kdykoli k dispozici na telefonn\u00edm \u010d\u00edsle +32 54 240 330 a na e-mailov\u00e9 adrese info@chamo.be.      <\/p>\n<h2>\u010cl\u00e1nek 11: Zpracov\u00e1n\u00ed osobn\u00edch \u00fadaj\u016f<\/h2>\n<p>P\u0159i objedn\u00e1vce v r\u00e1mci n\u00e1kupu online na adrese www.babylonia.eu souhlas\u00edte s t\u00edm, \u017ee spole\u010dnost pou\u017e\u00edv\u00e1 va\u0161e osobn\u00ed \u00fadaje v souladu s platn\u00fdm z\u00e1konem ze dne 8. prosince 1992 o ochran\u011b soukrom\u00ed v souvislosti se zpracov\u00e1n\u00edm osobn\u00edch \u00fadaj\u016f. Spole\u010dnost pou\u017e\u00edv\u00e1 va\u0161e osobn\u00ed \u00fadaje k pln\u011bn\u00ed smlouvy a k tomu, aby v\u00e1s d\u00e1le informovala o na\u0161em zbo\u017e\u00ed a slu\u017eb\u00e1ch, a to i prost\u0159ednictv\u00edm p\u0159\u00edm\u00e9ho marketingu. M\u00e1te pr\u00e1vo kdykoli nahl\u00e9dnout do sv\u00fdch \u00fadaj\u016f a v p\u0159\u00edpad\u011b jejich nespr\u00e1vnosti je nechat zm\u011bnit.  <\/p>\n<h2>\u010cl\u00e1nek 12: Autonomie ustanoven\u00ed<\/h2>\n<p>Neplatnost, neplatnost nebo nevymahatelnost jak\u00e9hokoli ustanoven\u00ed t\u011bchto V\u0161eobecn\u00fdch obchodn\u00edch podm\u00ednek nebo jak\u00e9koli jejich podm\u00ednky \u010di \u010d\u00e1sti, a\u0165 u\u017e vcelku nebo z\u010d\u00e1sti, nem\u00e1 vliv na neplatnost, neplatnost nebo nevymahatelnost ostatn\u00edch ustanoven\u00ed, podm\u00ednek a \u010d\u00e1st\u00ed t\u011bchto V\u0161eobecn\u00fdch obchodn\u00edch podm\u00ednek, ani na platnost a vymahatelnost V\u0161eobecn\u00fdch obchodn\u00edch podm\u00ednek jako celku.<\/p>\n<h2>\u010cl\u00e1nek 13: Rozhodn\u00e9 pr\u00e1vo a p\u0159\u00edslu\u0161n\u00e9 soudy<\/h2>\n<p>Tyto v\u0161eobecn\u00e9 smluvn\u00ed podm\u00ednky se \u0159\u00edd\u00ed belgick\u00fdm pr\u00e1vem. V p\u0159\u00edpad\u011b sporu jsou p\u0159\u00edslu\u0161n\u00e9 pouze soudy v Bruselu, ani\u017e je dot\u010deno pr\u00e1vo spot\u0159ebitele obr\u00e1tit se na soud v jeho jurisdikci. <\/p>\n\t\t\t\t\t\t\t\t<\/div>\n\t\t\t\t<\/div>\n\t\t\t\t\t<\/div>\n\t\t\t\t<\/div>\n\t\t\t\t<\/div>\n\t\t","protected":false},"excerpt":{"rendered":"<p>Podm\u00ednky a pravidla \u010cl\u00e1nek 1: Online prodej Spole\u010dnost Chamo BV provozuje tyto webov\u00e9 str\u00e1nky za \u00fa\u010delem prodeje sv\u00fdch v\u00fdrobk\u016f z\u00e1kazn\u00edk\u016fm po cel\u00e9m sv\u011bt\u011b. Tyto podm\u00ednky upravuj\u00ed prodej v\u00fdrobk\u016f prost\u0159ednictv\u00edm webov\u00fdch str\u00e1nek. Spole\u010dnost, d\u00e1le tak\u00e9 &#8222;my&#8220; nebo &#8222;n\u00e1s&#8220;, je usazena v Geraardsbergenu a m\u00e1 \u010d\u00edslo spole\u010dnosti BE0875.816.760. Lze ji kontaktovat telefonicky na \u010d\u00edsle +32 54 240 [&hellip;]<\/p>\n","protected":false},"author":1,"featured_media":0,"parent":0,"menu_order":0,"comment_status":"closed","ping_status":"closed","template":"elementor_header_footer","meta":{"footnotes":""},"class_list":["post-8470","page","type-page","status-publish","hentry"],"jetpack_sharing_enabled":true,"_links":{"self":[{"href":"https:\/\/www.babyloniababycarriers.eu\/cs\/wp-json\/wp\/v2\/pages\/8470","targetHints":{"allow":["GET"]}}],"collection":[{"href":"https:\/\/www.babyloniababycarriers.eu\/cs\/wp-json\/wp\/v2\/pages"}],"about":[{"href":"https:\/\/www.babyloniababycarriers.eu\/cs\/wp-json\/wp\/v2\/types\/page"}],"author":[{"embeddable":true,"href":"https:\/\/www.babyloniababycarriers.eu\/cs\/wp-json\/wp\/v2\/users\/1"}],"replies":[{"embeddable":true,"href":"https:\/\/www.babyloniababycarriers.eu\/cs\/wp-json\/wp\/v2\/comments?post=8470"}],"version-history":[{"count":2,"href":"https:\/\/www.babyloniababycarriers.eu\/cs\/wp-json\/wp\/v2\/pages\/8470\/revisions"}],"predecessor-version":[{"id":9227,"href":"https:\/\/www.babyloniababycarriers.eu\/cs\/wp-json\/wp\/v2\/pages\/8470\/revisions\/9227"}],"wp:attachment":[{"href":"https:\/\/www.babyloniababycarriers.eu\/cs\/wp-json\/wp\/v2\/media?parent=8470"}],"curies":[{"name":"wp","href":"https:\/\/api.w.org\/{rel}","templated":true}]}}