{"id":8454,"date":"2023-11-14T08:24:27","date_gmt":"2023-11-14T07:24:27","guid":{"rendered":"https:\/\/www.babyloniababycarriers.eu\/o-strankach\/"},"modified":"2025-06-18T16:54:30","modified_gmt":"2025-06-18T14:54:30","slug":"o-strankach","status":"publish","type":"page","link":"https:\/\/www.babyloniababycarriers.eu\/cs\/o-strankach\/","title":{"rendered":"O str\u00e1nk\u00e1ch"},"content":{"rendered":"\t\t<div data-elementor-type=\"wp-page\" data-elementor-id=\"8454\" class=\"elementor elementor-8454 elementor-66\" data-elementor-post-type=\"page\">\n\t\t\t\t<div class=\"elementor-element elementor-element-77dabe9c e-con-full e-flex e-con e-parent\" data-id=\"77dabe9c\" data-element_type=\"container\" data-e-type=\"container\" data-settings=\"{&quot;background_background&quot;:&quot;classic&quot;}\">\n\t\t<div class=\"elementor-element elementor-element-2e434384 e-con-full e-flex e-con e-child\" data-id=\"2e434384\" data-element_type=\"container\" data-e-type=\"container\">\n\t\t\t\t<div class=\"elementor-element elementor-element-6d1eb22b elementor-widget elementor-widget-heading\" data-id=\"6d1eb22b\" data-element_type=\"widget\" data-e-type=\"widget\" data-widget_type=\"heading.default\">\n\t\t\t\t<div class=\"elementor-widget-container\">\n\t\t\t\t\t<h2 class=\"elementor-heading-title elementor-size-default\">Rodi\u010de podporuj\u00ed<br>, aby si v\u00e1\u017eili<br>vz\u00e1cn\u00fdch chvil<br>se sv\u00fdmi nejmen\u0161\u00edmi.<\/h2>\t\t\t\t<\/div>\n\t\t\t\t<\/div>\n\t\t<div class=\"elementor-element elementor-element-43d78de0 e-con-full e-flex e-con e-child\" data-id=\"43d78de0\" data-element_type=\"container\" data-e-type=\"container\">\n\t\t\t\t<div class=\"elementor-element elementor-element-32bf303 elementor-widget__width-initial elementor-widget elementor-widget-text-editor\" data-id=\"32bf303\" data-element_type=\"widget\" data-e-type=\"widget\" data-widget_type=\"text-editor.default\">\n\t\t\t\t<div class=\"elementor-widget-container\">\n\t\t\t\t\t\t\t\t\t<p><strong>Objevte svobodu a flexibilitu rodi\u010dovstv\u00ed s Babyloni\u00ed.<\/strong><\/p><p>Spole\u010dn\u011b vytv\u00e1\u0159\u00edme chv\u00edle l\u00e1sky, tepla a bezpe\u010d\u00ed, proto\u017ee v\u011b\u0159\u00edme, \u017ee cesta rodi\u010dovstv\u00ed je nejcenn\u011bj\u0161\u00ed, kdy\u017e ji sd\u00edl\u00edte v p\u0159\u00edtomnosti toho, kdo je v\u00e1m nejdra\u017e\u0161\u00ed.<\/p>\t\t\t\t\t\t\t\t<\/div>\n\t\t\t\t<\/div>\n\t\t\t\t<\/div>\n\t\t\t\t<\/div>\n\t\t\t\t<\/div>\n\t\t<div class=\"elementor-element elementor-element-6de3087e e-con-full e-flex e-con e-parent\" data-id=\"6de3087e\" data-element_type=\"container\" data-e-type=\"container\">\n\t\t<div class=\"elementor-element elementor-element-75b6925d e-con-full e-flex e-con e-child\" data-id=\"75b6925d\" data-element_type=\"container\" data-e-type=\"container\">\n\t\t\t\t<div class=\"elementor-element elementor-element-64a979ca elementor-widget elementor-widget-heading\" data-id=\"64a979ca\" data-element_type=\"widget\" data-e-type=\"widget\" data-widget_type=\"heading.default\">\n\t\t\t\t<div class=\"elementor-widget-container\">\n\t\t\t\t\t<h2 class=\"elementor-heading-title elementor-size-default\">na misi<\/h2>\t\t\t\t<\/div>\n\t\t\t\t<\/div>\n\t\t\t\t<div class=\"elementor-element elementor-element-15fabc6d elementor-widget__width-initial elementor-widget elementor-widget-text-editor\" data-id=\"15fabc6d\" data-element_type=\"widget\" data-e-type=\"widget\" data-widget_type=\"text-editor.default\">\n\t\t\t\t<div class=\"elementor-widget-container\">\n\t\t\t\t\t\t\t\t\t<p>V\u00edtejte na str\u00e1nk\u00e1ch Babylonia Baby Carriers, kde v\u011b\u0159\u00edme v s\u00edlu bl\u00edzkosti a nenahraditeln\u00e9ho pouta mezi rodi\u010dem a d\u00edt\u011btem. Na\u0161\u00edm posl\u00e1n\u00edm je podporovat rodi\u010de ve vychutn\u00e1v\u00e1n\u00ed vz\u00e1cn\u00fdch okam\u017eik\u016f s jejich nejmen\u0161\u00edmi, a proto jsme na\u0161i kolekci \u0161\u00e1tk\u016f navrhli s l\u00e1skou a oddanost\u00ed. <\/p><p>Ve spole\u010dnosti Babylonia ch\u00e1peme, \u017ee no\u0161en\u00ed d\u00edt\u011bte je nejen praktickou volbou, ale tak\u00e9 posiluje citov\u00e9 pouto. Na\u0161e \u0161\u00e1tky jsou vyrobeny z vysoce kvalitn\u00edch materi\u00e1l\u016f, aby rodi\u010d i d\u00edt\u011b za\u017e\u00edvali p\u0159i no\u0161en\u00ed pohodl\u00ed. A\u0165 u\u017e hled\u00e1te stylov\u00e9 a v\u0161estrann\u00e9 \u0159e\u0161en\u00ed pro no\u0161en\u00ed nebo ergonomick\u00fd v\u00fdrobek, Babylonia Baby Carriers nab\u00edz\u00ed vhodnou variantu pro ka\u017edou pot\u0159ebu.  <\/p><p>Objevte svobodu a flexibilitu rodi\u010dovstv\u00ed s Babyloni\u00ed.<\/p><p>Spole\u010dn\u011b vytv\u00e1\u0159\u00edme chv\u00edle l\u00e1sky, tepla a bezpe\u010d\u00ed, proto\u017ee v\u011b\u0159\u00edme, \u017ee cesta rodi\u010dovstv\u00ed je nejcenn\u011bj\u0161\u00ed, kdy\u017e ji sd\u00edl\u00edte v p\u0159\u00edtomnosti toho, kdo je v\u00e1m nejdra\u017e\u0161\u00ed.<\/p><p> <\/p>\t\t\t\t\t\t\t\t<\/div>\n\t\t\t\t<\/div>\n\t\t\t\t<\/div>\n\t\t<div class=\"elementor-element elementor-element-5fbf7a0d e-con-full e-flex e-con e-child\" data-id=\"5fbf7a0d\" data-element_type=\"container\" data-e-type=\"container\">\n\t\t\t\t<div class=\"elementor-element elementor-element-62be537b elementor-widget elementor-widget-hotspot\" data-id=\"62be537b\" data-element_type=\"widget\" data-e-type=\"widget\" data-settings=\"{&quot;hotspot&quot;:[{&quot;_id&quot;:&quot;6556729&quot;,&quot;hotspot_tooltip_content&quot;:&quot;&lt;p&gt;Zlat\\u00fd kroucen\\u00e9 prsten $750&lt;\\\/p&gt;\\n&lt;p&gt;&lt;span style=\\&quot;text-decoration: underline;\\&quot;&gt;P\\u0159idat do ko\\u0161\\u00edku&lt;\\\/span&gt;&lt;\\\/p&gt;\\n&quot;,&quot;hotspot_offset_x&quot;:{&quot;unit&quot;:&quot;%&quot;,&quot;size&quot;:76,&quot;sizes&quot;:[]},&quot;hotspot_offset_y&quot;:{&quot;unit&quot;:&quot;%&quot;,&quot;size&quot;:52,&quot;sizes&quot;:[]},&quot;hotspot_offset_x_mobile&quot;:{&quot;unit&quot;:&quot;px&quot;,&quot;size&quot;:53,&quot;sizes&quot;:[]},&quot;index&quot;:0,&quot;__dynamic__&quot;:null,&quot;hotspot_label&quot;:&quot;&quot;,&quot;hotspot_link&quot;:{&quot;url&quot;:&quot;&quot;,&quot;is_external&quot;:&quot;&quot;,&quot;nofollow&quot;:&quot;&quot;,&quot;custom_attributes&quot;:&quot;&quot;},&quot;hotspot_icon&quot;:{&quot;value&quot;:&quot;&quot;,&quot;library&quot;:&quot;&quot;},&quot;hotspot_custom_size&quot;:&quot;no&quot;,&quot;hotspot_horizontal&quot;:&quot;left&quot;,&quot;hotspot_vertical&quot;:&quot;top&quot;,&quot;hotspot_tooltip_position&quot;:&quot;no&quot;,&quot;hotspot_position&quot;:null,&quot;hotspot_position_tablet&quot;:null,&quot;hotspot_position_mobile&quot;:null,&quot;hotspot_icon_position&quot;:null,&quot;hotspot_icon_spacing&quot;:null,&quot;hotspot_width&quot;:null,&quot;hotspot_height&quot;:null,&quot;hotspot_offset_x_tablet&quot;:{&quot;unit&quot;:&quot;px&quot;,&quot;size&quot;:&quot;&quot;,&quot;sizes&quot;:[]},&quot;hotspot_offset_y_tablet&quot;:{&quot;unit&quot;:&quot;px&quot;,&quot;size&quot;:&quot;&quot;,&quot;sizes&quot;:[]},&quot;hotspot_offset_y_mobile&quot;:{&quot;unit&quot;:&quot;px&quot;,&quot;size&quot;:&quot;&quot;,&quot;sizes&quot;:[]},&quot;hotspot_tooltip_width&quot;:null,&quot;hotspot_tooltip_width_tablet&quot;:null,&quot;hotspot_tooltip_width_mobile&quot;:null,&quot;hotspot_tooltip_text_wrap&quot;:null}],&quot;tooltip_position&quot;:&quot;top&quot;,&quot;tooltip_trigger&quot;:&quot;click&quot;,&quot;tooltip_animation&quot;:&quot;e-hotspot--fade-in-out&quot;}\" data-widget_type=\"hotspot.default\">\n\t\t\t\t<div class=\"elementor-widget-container\">\n\t\t\t\t\t<img fetchpriority=\"high\" decoding=\"async\" width=\"395\" height=\"600\" src=\"https:\/\/www.babyloniababycarriers.eu\/wp-content\/uploads\/2023\/11\/babylonia_bola_goud_mum_baby_zwangerschapsketting_en_armband_set_bola-set_1_set3_2-e1700573451396.jpg\" class=\"attachment-large size-large wp-image-2961\" alt=\"\" srcset=\"https:\/\/www.babyloniababycarriers.eu\/wp-content\/uploads\/2023\/11\/babylonia_bola_goud_mum_baby_zwangerschapsketting_en_armband_set_bola-set_1_set3_2-e1700573451396.jpg 395w, https:\/\/www.babyloniababycarriers.eu\/wp-content\/uploads\/2023\/11\/babylonia_bola_goud_mum_baby_zwangerschapsketting_en_armband_set_bola-set_1_set3_2-e1700573451396-198x300.jpg 198w\" sizes=\"(max-width: 395px) 100vw, 395px\" \/>\n\t\t\t\t\t\t<div class=\"e-hotspot elementor-repeater-item-6556729  e-hotspot--position-left e-hotspot--position-top   e-hotspot--circle\">\n\n\t\t\t\t\t\t\t\t<div class=\"e-hotspot__button e-hotspot--expand\">\n\t\t\t\t\t\t\t\t\t\t\t<div class=\"e-hotspot__outer-circle\"><\/div>\n\t\t\t\t\t\t<div class=\"e-hotspot__inner-circle\"><\/div>\n\t\t\t\t\t\t\t\t\t<\/div>\n\n\t\t\t\t\t\t\t\t\t\t\t\t\t\t\t\t\t\t<div class=\"e-hotspot__tooltip  e-hotspot--tooltip-position e-hotspot--fade-in-out \" >\n\t\t\t\t\t\t<p>Zlat\u00fd kroucen\u00e9 prsten $750<\/p>\n<p><span style=\"text-decoration: underline;\">P\u0159idat do ko\u0161\u00edku<\/span><\/p>\n\t\t\t\t\t<\/div>\n\t\t\t\t\t\t\t\t\t\n\t\t\t<\/div>\n\n\t\n\t\t\t\t\t\t<\/div>\n\t\t\t\t<\/div>\n\t\t\t\t<\/div>\n\t\t\t\t<\/div>\n\t\t<div class=\"elementor-element elementor-element-6f3782b5 e-con-full e-flex e-con e-parent\" data-id=\"6f3782b5\" data-element_type=\"container\" data-e-type=\"container\">\n\t\t\t\t<div class=\"elementor-element elementor-element-546f2204 elementor-widget elementor-widget-heading\" data-id=\"546f2204\" data-element_type=\"widget\" data-e-type=\"widget\" data-widget_type=\"heading.default\">\n\t\t\t\t<div class=\"elementor-widget-container\">\n\t\t\t\t\t<h2 class=\"elementor-heading-title elementor-size-default\">V\u00cdCE NE\u017d p\u0159irozen\u00fd komfort a elegance....<\/h2>\t\t\t\t<\/div>\n\t\t\t\t<\/div>\n\t\t<div class=\"elementor-element elementor-element-40d9d9e e-con-full e-flex e-con e-child\" data-id=\"40d9d9e\" data-element_type=\"container\" data-e-type=\"container\">\n\t\t<div class=\"elementor-element elementor-element-aa513c2 e-con-full e-flex e-con e-child\" data-id=\"aa513c2\" data-element_type=\"container\" data-e-type=\"container\">\n\t\t\t\t<div class=\"elementor-element elementor-element-7eaf6f5f elementor-widget elementor-widget-icon-box\" data-id=\"7eaf6f5f\" data-element_type=\"widget\" data-e-type=\"widget\" data-widget_type=\"icon-box.default\">\n\t\t\t\t<div class=\"elementor-widget-container\">\n\t\t\t\t\t\t\t<div class=\"elementor-icon-box-wrapper\">\n\n\t\t\t\n\t\t\t\t\t\t<div class=\"elementor-icon-box-content\">\n\n\t\t\t\t\t\t\t\t\t<h3 class=\"elementor-icon-box-title\">\n\t\t\t\t\t\t<span  >\n\t\t\t\t\t\t\tDoprava zdarma\t\t\t\t\t\t<\/span>\n\t\t\t\t\t<\/h3>\n\t\t\t\t\n\t\t\t\t\t\t\t\t\t<p class=\"elementor-icon-box-description\">\n\t\t\t\t\t\tDoprava zdarma nad 40,00 \u20ac v Beneluxu a Francii, pod 40,0 \u20ac - 5,00 \u20ac po\u0161tovn\u00e9\t\t\t\t\t<\/p>\n\t\t\t\t\n\t\t\t<\/div>\n\t\t\t\n\t\t<\/div>\n\t\t\t\t\t\t<\/div>\n\t\t\t\t<\/div>\n\t\t\t\t<\/div>\n\t\t<div class=\"elementor-element elementor-element-6d841785 e-con-full e-flex e-con e-child\" data-id=\"6d841785\" data-element_type=\"container\" data-e-type=\"container\">\n\t\t\t\t<div class=\"elementor-element elementor-element-21fb97e3 elementor-widget elementor-widget-icon-box\" data-id=\"21fb97e3\" data-element_type=\"widget\" data-e-type=\"widget\" data-widget_type=\"icon-box.default\">\n\t\t\t\t<div class=\"elementor-widget-container\">\n\t\t\t\t\t\t\t<div class=\"elementor-icon-box-wrapper\">\n\n\t\t\t\n\t\t\t\t\t\t<div class=\"elementor-icon-box-content\">\n\n\t\t\t\t\t\t\t\t\t<h3 class=\"elementor-icon-box-title\">\n\t\t\t\t\t\t<span  >\n\t\t\t\t\t\t\tRoky zku\u0161enost\u00ed\t\t\t\t\t\t<\/span>\n\t\t\t\t\t<\/h3>\n\t\t\t\t\n\t\t\t\t\t\t\t\t\t<p class=\"elementor-icon-box-description\">\n\t\t\t\t\t\tV\u00edce ne\u017e 20 let zku\u0161enost\u00ed s no\u0161en\u00edm a vytv\u00e1\u0159en\u00edm p\u0159irozen\u00e9ho pohodl\u00ed ve stylu\t\t\t\t\t<\/p>\n\t\t\t\t\n\t\t\t<\/div>\n\t\t\t\n\t\t<\/div>\n\t\t\t\t\t\t<\/div>\n\t\t\t\t<\/div>\n\t\t\t\t<\/div>\n\t\t<div class=\"elementor-element elementor-element-28655c9a e-con-full e-flex e-con e-child\" data-id=\"28655c9a\" data-element_type=\"container\" data-e-type=\"container\">\n\t\t\t\t<div class=\"elementor-element elementor-element-69bd0053 elementor-widget elementor-widget-icon-box\" data-id=\"69bd0053\" data-element_type=\"widget\" data-e-type=\"widget\" data-widget_type=\"icon-box.default\">\n\t\t\t\t<div class=\"elementor-widget-container\">\n\t\t\t\t\t\t\t<div class=\"elementor-icon-box-wrapper\">\n\n\t\t\t\n\t\t\t\t\t\t<div class=\"elementor-icon-box-content\">\n\n\t\t\t\t\t\t\t\t\t<h3 class=\"elementor-icon-box-title\">\n\t\t\t\t\t\t<span  >\n\t\t\t\t\t\t\tMezin\u00e1rodn\u00ed\t\t\t\t\t\t<\/span>\n\t\t\t\t\t<\/h3>\n\t\t\t\t\n\t\t\t\t\t\t\t\t\t<p class=\"elementor-icon-box-description\">\n\t\t\t\t\t\tNa\u0161e v\u00fdrobky se prod\u00e1vaj\u00ed ve v\u00edce ne\u017e 15 zem\u00edch\t\t\t\t\t<\/p>\n\t\t\t\t\n\t\t\t<\/div>\n\t\t\t\n\t\t<\/div>\n\t\t\t\t\t\t<\/div>\n\t\t\t\t<\/div>\n\t\t\t\t<\/div>\n\t\t<div class=\"elementor-element elementor-element-3ba58f38 e-con-full e-flex e-con e-child\" data-id=\"3ba58f38\" data-element_type=\"container\" data-e-type=\"container\">\n\t\t\t\t<div class=\"elementor-element elementor-element-191387b6 elementor-widget elementor-widget-icon-box\" data-id=\"191387b6\" data-element_type=\"widget\" data-e-type=\"widget\" data-widget_type=\"icon-box.default\">\n\t\t\t\t<div class=\"elementor-widget-container\">\n\t\t\t\t\t\t\t<div class=\"elementor-icon-box-wrapper\">\n\n\t\t\t\n\t\t\t\t\t\t<div class=\"elementor-icon-box-content\">\n\n\t\t\t\t\t\t\t\t\t<h3 class=\"elementor-icon-box-title\">\n\t\t\t\t\t\t<span  >\n\t\t\t\t\t\t\tTestov\u00e1no a schv\u00e1leno\t\t\t\t\t\t<\/span>\n\t\t\t\t\t<\/h3>\n\t\t\t\t\n\t\t\t\t\t\t\t\t\t<p class=\"elementor-icon-box-description\">\n\t\t\t\t\t\tV\u0161echny na\u0161e v\u00fdrobky jsou testov\u00e1ny a schv\u00e1leny rodi\u010di a\/nebo poradci.  \t\t\t\t\t<\/p>\n\t\t\t\t\n\t\t\t<\/div>\n\t\t\t\n\t\t<\/div>\n\t\t\t\t\t\t<\/div>\n\t\t\t\t<\/div>\n\t\t\t\t<\/div>\n\t\t\t\t<\/div>\n\t\t\t\t<\/div>\n\t\t\t\t<\/div>\n\t\t","protected":false},"excerpt":{"rendered":"<p>Rodi\u010de podporuj\u00ed, aby si v\u00e1\u017eilivz\u00e1cn\u00fdch chvilse sv\u00fdmi nejmen\u0161\u00edmi. Objevte svobodu a flexibilitu rodi\u010dovstv\u00ed s Babyloni\u00ed. Spole\u010dn\u011b vytv\u00e1\u0159\u00edme chv\u00edle l\u00e1sky, tepla a bezpe\u010d\u00ed, proto\u017ee v\u011b\u0159\u00edme, \u017ee cesta rodi\u010dovstv\u00ed je nejcenn\u011bj\u0161\u00ed, kdy\u017e ji sd\u00edl\u00edte v p\u0159\u00edtomnosti toho, kdo je v\u00e1m nejdra\u017e\u0161\u00ed. na misi V\u00edtejte na str\u00e1nk\u00e1ch Babylonia Baby Carriers, kde v\u011b\u0159\u00edme v s\u00edlu bl\u00edzkosti a nenahraditeln\u00e9ho pouta [&hellip;]<\/p>\n","protected":false},"author":1,"featured_media":0,"parent":0,"menu_order":0,"comment_status":"closed","ping_status":"closed","template":"elementor_header_footer","meta":{"footnotes":""},"class_list":["post-8454","page","type-page","status-publish","hentry"],"jetpack_sharing_enabled":true,"_links":{"self":[{"href":"https:\/\/www.babyloniababycarriers.eu\/cs\/wp-json\/wp\/v2\/pages\/8454","targetHints":{"allow":["GET"]}}],"collection":[{"href":"https:\/\/www.babyloniababycarriers.eu\/cs\/wp-json\/wp\/v2\/pages"}],"about":[{"href":"https:\/\/www.babyloniababycarriers.eu\/cs\/wp-json\/wp\/v2\/types\/page"}],"author":[{"embeddable":true,"href":"https:\/\/www.babyloniababycarriers.eu\/cs\/wp-json\/wp\/v2\/users\/1"}],"replies":[{"embeddable":true,"href":"https:\/\/www.babyloniababycarriers.eu\/cs\/wp-json\/wp\/v2\/comments?post=8454"}],"version-history":[{"count":3,"href":"https:\/\/www.babyloniababycarriers.eu\/cs\/wp-json\/wp\/v2\/pages\/8454\/revisions"}],"predecessor-version":[{"id":10980,"href":"https:\/\/www.babyloniababycarriers.eu\/cs\/wp-json\/wp\/v2\/pages\/8454\/revisions\/10980"}],"wp:attachment":[{"href":"https:\/\/www.babyloniababycarriers.eu\/cs\/wp-json\/wp\/v2\/media?parent=8454"}],"curies":[{"name":"wp","href":"https:\/\/api.w.org\/{rel}","templated":true}]}}