{"id":8277,"date":"2023-11-14T08:01:03","date_gmt":"2023-11-14T07:01:03","guid":{"rendered":"https:\/\/www.babyloniababycarriers.eu\/zasady-ochrany-osobnich-udaju\/"},"modified":"2025-01-14T15:11:24","modified_gmt":"2025-01-14T14:11:24","slug":"zasady-ochrany-osobnich-udaju","status":"publish","type":"page","link":"https:\/\/www.babyloniababycarriers.eu\/cs\/zasady-ochrany-osobnich-udaju\/","title":{"rendered":"Z\u00e1sady ochrany osobn\u00edch \u00fadaj\u016f"},"content":{"rendered":"\t\t<div data-elementor-type=\"wp-page\" data-elementor-id=\"8277\" class=\"elementor elementor-8277 elementor-3\" data-elementor-post-type=\"page\">\n\t\t\t\t<div class=\"elementor-element elementor-element-690c4e3a e-flex e-con-boxed e-con e-parent\" data-id=\"690c4e3a\" data-element_type=\"container\" data-e-type=\"container\">\n\t\t\t\t\t<div class=\"e-con-inner\">\n\t\t\t\t<div class=\"elementor-element elementor-element-a5543ab elementor-widget elementor-widget-heading\" data-id=\"a5543ab\" data-element_type=\"widget\" data-e-type=\"widget\" data-widget_type=\"heading.default\">\n\t\t\t\t<div class=\"elementor-widget-container\">\n\t\t\t\t\t<h1 class=\"elementor-heading-title elementor-size-default\">Z\u00e1sady ochrany osobn\u00edch \u00fadaj\u016f<\/h1>\t\t\t\t<\/div>\n\t\t\t\t<\/div>\n\t\t\t\t<div class=\"elementor-element elementor-element-49af1110 elementor-widget elementor-widget-text-editor\" data-id=\"49af1110\" data-element_type=\"widget\" data-e-type=\"widget\" data-widget_type=\"text-editor.default\">\n\t\t\t\t<div class=\"elementor-widget-container\">\n\t\t\t\t\t\t\t\t\t<h2><strong>Kdo jsme<\/strong><\/h2>\n<p>Na\u0161e webov\u00e9 str\u00e1nky <a href=\"https:\/\/www.babyloniababycarriers.eu\/cs\/\">https:\/\/www.babyloniababycarriers.eu<\/a> (d\u00e1le jen &#8222;webov\u00e9 str\u00e1nky&#8220;) pou\u017e\u00edvaj\u00ed soubory cookie a dal\u0161\u00ed souvisej\u00edc\u00ed technologie (pro zjednodu\u0161en\u00ed jsou v\u0161echny technologie ozna\u010dov\u00e1ny jako &#8222;soubory cookie&#8220;). Soubory cookie umis\u0165uj\u00ed tak\u00e9 n\u00e1mi najat\u00e9 t\u0159et\u00ed strany. V n\u00ed\u017ee uveden\u00e9m dokumentu v\u00e1s informujeme o pou\u017e\u00edv\u00e1n\u00ed soubor\u016f cookie na na\u0161ich webov\u00fdch str\u00e1nk\u00e1ch.  <\/p>\n<h2><strong>Co jsou to soubory cookie?<\/strong><\/h2>\n<p>Soubor cookie je mal\u00fd jednoduch\u00fd soubor, kter\u00fd je odes\u00edl\u00e1n spolu se str\u00e1nkami tohoto webu a ukl\u00e1d\u00e1n va\u0161\u00edm prohl\u00ed\u017ee\u010dem na pevn\u00fd disk va\u0161eho po\u010d\u00edta\u010de nebo jin\u00e9ho za\u0159\u00edzen\u00ed. Informace v n\u011bm ulo\u017een\u00e9 mohou b\u00fdt p\u0159i dal\u0161\u00ed n\u00e1v\u0161t\u011bv\u011b vr\u00e1ceny na na\u0161e servery nebo na servery p\u0159\u00edslu\u0161n\u00fdch t\u0159et\u00edch stran. <\/p>\n<h2><strong>Co jsou to skripty?<\/strong><\/h2>\n<p>Skript je \u010d\u00e1st programov\u00e9ho k\u00f3du, kter\u00e1 slou\u017e\u00ed ke spr\u00e1vn\u00e9mu a interaktivn\u00edmu fungov\u00e1n\u00ed na\u0161ich webov\u00fdch str\u00e1nek. Tento k\u00f3d se spou\u0161t\u00ed na na\u0161em serveru nebo ve va\u0161em za\u0159\u00edzen\u00ed. <\/p>\n<h2><strong>Co je to webov\u00fd maj\u00e1k?<\/strong><\/h2>\n<p>Webov\u00fd maj\u00e1k (nebo pixelov\u00fd tag) je mal\u00fd, neviditeln\u00fd kousek textu nebo obr\u00e1zku na webov\u00e9 str\u00e1nce, kter\u00fd se pou\u017e\u00edv\u00e1 ke sledov\u00e1n\u00ed n\u00e1v\u0161t\u011bvnosti webov\u00e9 str\u00e1nky. Za t\u00edmto \u00fa\u010delem se pomoc\u00ed webov\u00fdch maj\u00e1k\u016f ukl\u00e1daj\u00ed r\u016fzn\u00e9 \u00fadaje o v\u00e1s. <\/p>\n<h2><strong>Soubory cookie<\/strong><\/h2>\n<h6><strong>Technick\u00e9 nebo funk\u010dn\u00ed soubory cookie<\/strong><\/h6>\n<p>N\u011bkter\u00e9 soubory cookie zaji\u0161\u0165uj\u00ed spr\u00e1vn\u00e9 fungov\u00e1n\u00ed ur\u010dit\u00fdch \u010d\u00e1st\u00ed webov\u00fdch str\u00e1nek a va\u0161e u\u017eivatelsk\u00e9 preference. Um\u00edst\u011bn\u00edm funk\u010dn\u00edch soubor\u016f cookie v\u00e1m usnad\u0148ujeme n\u00e1v\u0161t\u011bvu na\u0161ich webov\u00fdch str\u00e1nek. P\u0159i n\u00e1v\u0161t\u011bv\u011b na\u0161ich webov\u00fdch str\u00e1nek tak nemus\u00edte opakovan\u011b zad\u00e1vat stejn\u00e9 \u00fadaje a nap\u0159\u00edklad zbo\u017e\u00ed z\u016fst\u00e1v\u00e1 v n\u00e1kupn\u00edm ko\u0161\u00edku, dokud nezaplat\u00edte. Tyto soubory cookie m\u016f\u017eeme um\u00edstit i bez va\u0161eho souhlasu.   <\/p>\n<h6><strong>Statistick\u00e9 soubory cookie<\/strong><\/h6>\n<p>Statistick\u00e9 soubory cookie pou\u017e\u00edv\u00e1me k optimalizaci pr\u00e1ce s webov\u00fdmi str\u00e1nkami pro na\u0161e u\u017eivatele. Pomoc\u00ed t\u011bchto statistick\u00fdch soubor\u016f cookie z\u00edsk\u00e1v\u00e1me p\u0159ehled o pou\u017e\u00edv\u00e1n\u00ed na\u0161ich webov\u00fdch str\u00e1nek. \u017d\u00e1d\u00e1me v\u00e1s o souhlas s um\u00edst\u011bn\u00edm statistick\u00fdch soubor\u016f cookie.  <\/p>\n<h6><strong>Reklamn\u00ed soubory cookie<\/strong><\/h6>\n<p>Na t\u011bchto webov\u00fdch str\u00e1nk\u00e1ch pou\u017e\u00edv\u00e1me reklamn\u00ed soubory cookie, kter\u00e9 n\u00e1m umo\u017e\u0148uj\u00ed p\u0159izp\u016fsobit reklamu va\u0161im pot\u0159eb\u00e1m a n\u00e1m (a t\u0159et\u00edm stran\u00e1m) umo\u017e\u0148uj\u00ed z\u00edskat p\u0159ehled o v\u00fdsledc\u00edch kampan\u00ed. D\u011bje se tak na z\u00e1klad\u011b profilu, kter\u00fd vytv\u00e1\u0159\u00edme na z\u00e1klad\u011b va\u0161eho klik\u00e1n\u00ed a surfov\u00e1n\u00ed na str\u00e1nk\u00e1ch https:\/\/www.babyloniababycarriers.eu i mimo n\u011b. D\u00edky t\u011bmto soubor\u016fm cookie jste jako n\u00e1v\u0161t\u011bvn\u00edk webov\u00fdch str\u00e1nek spojeni s jedine\u010dn\u00fdm ID, tak\u017ee se v\u00e1m nap\u0159\u00edklad nezobrazuje stejn\u00e1 reklama v\u00edcekr\u00e1t. <\/p>\n<h6><strong>Marketingov\u00e9\/sledovac\u00ed soubory cookie<\/strong><\/h6>\n<p>Marketingov\u00e9\/sledovac\u00ed soubory cookie jsou soubory cookie nebo jin\u00e1 forma m\u00edstn\u00edho \u00falo\u017ei\u0161t\u011b, kter\u00e9 se pou\u017e\u00edvaj\u00ed k vytv\u00e1\u0159en\u00ed u\u017eivatelsk\u00fdch profil\u016f pro zobrazov\u00e1n\u00ed reklamy nebo ke sledov\u00e1n\u00ed u\u017eivatele na t\u011bchto webov\u00fdch str\u00e1nk\u00e1ch nebo na n\u011bkolika webov\u00fdch str\u00e1nk\u00e1ch pro podobn\u00e9 marketingov\u00e9 \u00fa\u010dely.<\/p>\n<p>Proto\u017ee jsou tyto soubory cookie ozna\u010deny jako sledovac\u00ed soubory cookie, \u017e\u00e1d\u00e1me v\u00e1s o souhlas s jejich um\u00edst\u011bn\u00edm.<\/p>\n<h2><strong>Soci\u00e1ln\u00ed m\u00e9dia<\/strong><\/h2>\n<p>Na na\u0161ich webov\u00fdch str\u00e1nk\u00e1ch jsme za\u0159adili obsah z Facebooku, Twitteru, LinkedIn, WhatsApp, Instagramu, TikToku a Pinterestu, kter\u00fd slou\u017e\u00ed k propagaci webov\u00fdch str\u00e1nek (nap\u0159. &#8222;like&#8220;, &#8222;pin&#8220;) nebo sd\u00edlen\u00ed (nap\u0159. &#8222;tweet&#8220;) na soci\u00e1ln\u00edch s\u00edt\u00edch jako Facebook, Twitter, LinkedIn, WhatsApp, Instagram, TikTok a Pinterest. Tento obsah je vlo\u017een pomoc\u00ed k\u00f3du poch\u00e1zej\u00edc\u00edho ze s\u00edt\u00ed Facebook, Twitter, LinkedIn, WhatsApp, Instagram, TikTok a Pinterest a umis\u0165uje soubory cookie. Tento obsah m\u016f\u017ee ukl\u00e1dat a zpracov\u00e1vat ur\u010dit\u00e9 informace pro personalizovanou reklamu.  <\/p>\n<p>P\u0159e\u010dt\u011bte si pros\u00edm prohl\u00e1\u0161en\u00ed o ochran\u011b osobn\u00edch \u00fadaj\u016f t\u011bchto soci\u00e1ln\u00edch s\u00edt\u00ed (kter\u00e1 se mohou pravideln\u011b m\u011bnit), abyste se dozv\u011bd\u011bli, jak nakl\u00e1daj\u00ed s va\u0161imi (osobn\u00edmi) \u00fadaji, kter\u00e9 zpracov\u00e1vaj\u00ed pomoc\u00ed t\u011bchto soubor\u016f cookie. Z\u00edskan\u00e9 \u00fadaje jsou v maxim\u00e1ln\u00ed mo\u017en\u00e9 m\u00ed\u0159e anonymizov\u00e1ny. Spole\u010dnosti Facebook, Twitter, LinkedIn, WhatsApp, Instagram, TikTok a Pinterest se nach\u00e1zej\u00ed ve Spojen\u00fdch st\u00e1tech.  <\/p>\n<h2><strong>Souhlas<\/strong><\/h2>\n<p>P\u0159i prvn\u00ed n\u00e1v\u0161t\u011bv\u011b na\u0161ich webov\u00fdch str\u00e1nek se zobraz\u00ed vyskakovac\u00ed okno s vysv\u011btlen\u00edm o souborech cookie. Jakmile kliknete na tla\u010d\u00edtko &#8222;Ulo\u017eit p\u0159edvolby&#8220;, souhlas\u00edte s t\u00edm, abychom pou\u017e\u00edvali kategorie soubor\u016f cookie a z\u00e1suvn\u00fdch modul\u016f, kter\u00e9 jste vybrali ve vyskakovac\u00edm okn\u011b, jak je pops\u00e1no v t\u011bchto Z\u00e1sad\u00e1ch pou\u017e\u00edv\u00e1n\u00ed soubor\u016f cookie. Pou\u017e\u00edv\u00e1n\u00ed soubor\u016f cookie m\u016f\u017eete prost\u0159ednictv\u00edm sv\u00e9ho prohl\u00ed\u017ee\u010de zak\u00e1zat, ale m\u011bjte na pam\u011bti, \u017ee na\u0161e webov\u00e9 str\u00e1nky ji\u017e nemus\u00ed fungovat spr\u00e1vn\u011b.  <\/p>\n<h2><strong>Povolen\u00ed\/zak\u00e1z\u00e1n\u00ed a odstran\u011bn\u00ed soubor\u016f cookie<\/strong><\/h2>\n<p>Pomoc\u00ed internetov\u00e9ho prohl\u00ed\u017ee\u010de m\u016f\u017eete soubory cookie automaticky nebo ru\u010dn\u011b odstranit. M\u016f\u017eete tak\u00e9 ur\u010dit, \u017ee n\u011bkter\u00e9 soubory cookie se nesm\u00ed ukl\u00e1dat. Dal\u0161\u00ed mo\u017enost\u00ed je zm\u011bnit nastaven\u00ed internetov\u00e9ho prohl\u00ed\u017ee\u010de tak, abyste p\u0159i ka\u017ed\u00e9m um\u00edst\u011bn\u00ed souboru cookie obdr\u017eeli zpr\u00e1vu. Dal\u0161\u00ed informace o t\u011bchto mo\u017enostech naleznete v pokynech v n\u00e1pov\u011bd\u011b va\u0161eho prohl\u00ed\u017ee\u010de.   <\/p>\n<p>Upozor\u0148ujeme, \u017ee na\u0161e webov\u00e9 str\u00e1nky nemus\u00ed fungovat spr\u00e1vn\u011b, pokud jsou v\u0161echny soubory cookie zak\u00e1z\u00e1ny. Pokud soubory cookie ve sv\u00e9m prohl\u00ed\u017ee\u010di vyma\u017eete, budou po va\u0161em souhlasu p\u0159i dal\u0161\u00ed n\u00e1v\u0161t\u011bv\u011b na\u0161ich webov\u00fdch str\u00e1nek op\u011bt um\u00edst\u011bny. <\/p>\n<h2><strong>Va\u0161e pr\u00e1va t\u00fdkaj\u00edc\u00ed se osobn\u00edch \u00fadaj\u016f<\/strong><\/h2>\n<p>V souvislosti se sv\u00fdmi osobn\u00edmi \u00fadaji m\u00e1te n\u00e1sleduj\u00edc\u00ed pr\u00e1va:<\/p>\n<ul>\n<li>M\u00e1te pr\u00e1vo v\u011bd\u011bt, pro\u010d jsou va\u0161e osobn\u00ed \u00fadaje pot\u0159eba, co se s nimi stane a jak dlouho budou uchov\u00e1v\u00e1ny.<\/li>\n<li>Pr\u00e1vo na p\u0159\u00edstup: M\u00e1te pr\u00e1vo na p\u0159\u00edstup ke sv\u00fdm osobn\u00edm \u00fadaj\u016fm, kter\u00e9 jsou n\u00e1m zn\u00e1my.<\/li>\n<li>Pr\u00e1vo na opravu: m\u00e1te pr\u00e1vo kdykoli doplnit, opravit, vymazat nebo zablokovat sv\u00e9 osobn\u00ed \u00fadaje.<\/li>\n<li>Pokud n\u00e1m ud\u011bl\u00edte souhlas se zpracov\u00e1n\u00edm va\u0161ich \u00fadaj\u016f, m\u00e1te pr\u00e1vo tento souhlas odvolat a po\u017eadovat vymaz\u00e1n\u00ed va\u0161ich osobn\u00edch \u00fadaj\u016f.<\/li>\n<li>Pr\u00e1vo na p\u0159enos va\u0161ich \u00fadaj\u016f: m\u00e1te pr\u00e1vo vy\u017e\u00e1dat si od spr\u00e1vce v\u0161echny va\u0161e osobn\u00ed \u00fadaje a p\u0159edat je vcelku jin\u00e9mu spr\u00e1vci.<\/li>\n<li>Pr\u00e1vo vzn\u00e9st n\u00e1mitku: m\u016f\u017eete vzn\u00e9st n\u00e1mitku proti zpracov\u00e1n\u00ed va\u0161ich \u00fadaj\u016f. Vyhov\u00edme j\u00ed, pokud neexistuj\u00ed opr\u00e1vn\u011bn\u00e9 d\u016fvody pro zpracov\u00e1n\u00ed. <\/li>\n<\/ul>\n<p>Chcete-li tato pr\u00e1va uplatnit, kontaktujte n\u00e1s. Viz kontaktn\u00ed \u00fadaje v doln\u00ed \u010d\u00e1sti t\u011bchto Z\u00e1sad pou\u017e\u00edv\u00e1n\u00ed soubor\u016f cookie. Pokud m\u00e1te st\u00ed\u017enost na zp\u016fsob, jak\u00fdm nakl\u00e1d\u00e1me s va\u0161imi \u00fadaji, r\u00e1di v\u00e1s vyslechneme, ale m\u00e1te tak\u00e9 pr\u00e1vo podat st\u00ed\u017enost dozorov\u00e9mu \u00fa\u0159adu (\u00da\u0159adu pro ochranu osobn\u00edch \u00fadaj\u016f).  <\/p>\n<h2><strong>Kontaktn\u00ed \u00fadaje<\/strong><\/h2>\n<p>V p\u0159\u00edpad\u011b dotaz\u016f a\/nebo p\u0159ipom\u00ednek t\u00fdkaj\u00edc\u00edch se na\u0161ich z\u00e1sad pou\u017e\u00edv\u00e1n\u00ed soubor\u016f cookie a tohoto prohl\u00e1\u0161en\u00ed n\u00e1s pros\u00edm kontaktujte prost\u0159ednictv\u00edm n\u00e1sleduj\u00edc\u00edch kontaktn\u00edch \u00fadaj\u016f:<\/p>\n<p><br><br><br><br><br>B<strong>abylonia Baby Carriers<\/strong> Brambroek 23B 9500 Geraardsbergen Belgie Webov\u00e9 str\u00e1nky: https:\/\/www.babyloniababycarriers.eu\/ E-mail: bureau@chamo.be<\/p>\t\t\t\t\t\t\t\t<\/div>\n\t\t\t\t<\/div>\n\t\t\t\t\t<\/div>\n\t\t\t\t<\/div>\n\t\t\t\t<\/div>\n\t\t","protected":false},"excerpt":{"rendered":"<p>Z\u00e1sady ochrany osobn\u00edch \u00fadaj\u016f Kdo jsme Na\u0161e webov\u00e9 str\u00e1nky https:\/\/www.babyloniababycarriers.eu (d\u00e1le jen &#8222;webov\u00e9 str\u00e1nky&#8220;) pou\u017e\u00edvaj\u00ed soubory cookie a dal\u0161\u00ed souvisej\u00edc\u00ed technologie (pro zjednodu\u0161en\u00ed jsou v\u0161echny technologie ozna\u010dov\u00e1ny jako &#8222;soubory cookie&#8220;). Soubory cookie umis\u0165uj\u00ed tak\u00e9 n\u00e1mi najat\u00e9 t\u0159et\u00ed strany. V n\u00ed\u017ee uveden\u00e9m dokumentu v\u00e1s informujeme o pou\u017e\u00edv\u00e1n\u00ed soubor\u016f cookie na na\u0161ich webov\u00fdch str\u00e1nk\u00e1ch. Co jsou to [&hellip;]<\/p>\n","protected":false},"author":1,"featured_media":0,"parent":0,"menu_order":0,"comment_status":"closed","ping_status":"closed","template":"","meta":{"footnotes":""},"class_list":["post-8277","page","type-page","status-publish","hentry"],"jetpack_sharing_enabled":true,"_links":{"self":[{"href":"https:\/\/www.babyloniababycarriers.eu\/cs\/wp-json\/wp\/v2\/pages\/8277","targetHints":{"allow":["GET"]}}],"collection":[{"href":"https:\/\/www.babyloniababycarriers.eu\/cs\/wp-json\/wp\/v2\/pages"}],"about":[{"href":"https:\/\/www.babyloniababycarriers.eu\/cs\/wp-json\/wp\/v2\/types\/page"}],"author":[{"embeddable":true,"href":"https:\/\/www.babyloniababycarriers.eu\/cs\/wp-json\/wp\/v2\/users\/1"}],"replies":[{"embeddable":true,"href":"https:\/\/www.babyloniababycarriers.eu\/cs\/wp-json\/wp\/v2\/comments?post=8277"}],"version-history":[{"count":2,"href":"https:\/\/www.babyloniababycarriers.eu\/cs\/wp-json\/wp\/v2\/pages\/8277\/revisions"}],"predecessor-version":[{"id":9233,"href":"https:\/\/www.babyloniababycarriers.eu\/cs\/wp-json\/wp\/v2\/pages\/8277\/revisions\/9233"}],"wp:attachment":[{"href":"https:\/\/www.babyloniababycarriers.eu\/cs\/wp-json\/wp\/v2\/media?parent=8277"}],"curies":[{"name":"wp","href":"https:\/\/api.w.org\/{rel}","templated":true}]}}