{"id":7031,"date":"2024-02-18T17:15:25","date_gmt":"2024-02-18T17:15:25","guid":{"rendered":"https:\/\/www.babyloniababycarriers.eu\/refund_returns\/"},"modified":"2024-11-26T15:50:45","modified_gmt":"2024-11-26T14:50:45","slug":"refund_returns","status":"publish","type":"page","link":"https:\/\/www.babyloniababycarriers.eu\/cs\/refund_returns\/","title":{"rendered":"Z\u00e1sady vracen\u00ed pen\u011bz a vr\u00e1cen\u00ed zbo\u017e\u00ed"},"content":{"rendered":"\t\t<div data-elementor-type=\"wp-page\" data-elementor-id=\"7031\" class=\"elementor elementor-7031 elementor-13\" data-elementor-post-type=\"page\">\n\t\t\t\t<div class=\"elementor-element elementor-element-76c74b34 e-flex e-con-boxed e-con e-parent\" data-id=\"76c74b34\" data-element_type=\"container\" data-e-type=\"container\">\n\t\t\t\t\t<div class=\"e-con-inner\">\n\t\t\t\t<div class=\"elementor-element elementor-element-c943cbd elementor-widget elementor-widget-heading\" data-id=\"c943cbd\" data-element_type=\"widget\" data-e-type=\"widget\" data-widget_type=\"heading.default\">\n\t\t\t\t<div class=\"elementor-widget-container\">\n\t\t\t\t\t<h2 class=\"elementor-heading-title elementor-size-default\">Z\u00e1sady vracen\u00ed pen\u011bz a vr\u00e1cen\u00ed zbo\u017e\u00ed<\/h2>\t\t\t\t<\/div>\n\t\t\t\t<\/div>\n\t\t\t\t<div class=\"elementor-element elementor-element-3c5fc552 elementor-widget elementor-widget-text-editor\" data-id=\"3c5fc552\" data-element_type=\"widget\" data-e-type=\"widget\" data-widget_type=\"text-editor.default\">\n\t\t\t\t<div class=\"elementor-widget-container\">\n\t\t\t\t\t\t\t\t\t<p>Na\u0161e z\u00e1sady vracen\u00ed pen\u011bz a vr\u00e1cen\u00ed zbo\u017e\u00ed jsou v souladu s evropsk\u00fdmi p\u0159edpisy a poskytuj\u00ed v\u00e1m 14 dn\u00ed na rozmy\u0161lenou na nahl\u00e1\u0161en\u00ed vr\u00e1cen\u00ed zbo\u017e\u00ed:<\/p>\n<p>Od data doru\u010den\u00ed m\u00e1te 14 dn\u00ed na to, abyste n\u00e1m ozn\u00e1mili sv\u016fj z\u00e1m\u011br vr\u00e1tit zbo\u017e\u00ed a po\u017eadovat vr\u00e1cen\u00ed pen\u011bz nebo v\u00fdm\u011bnu. Po uplynut\u00ed t\u00e9to lh\u016fty v\u00e1m bohu\u017eel nem\u016f\u017eeme nab\u00eddnout vr\u00e1cen\u00ed pen\u011bz nebo v\u00fdm\u011bnu v pln\u00e9 v\u00fd\u0161i. <\/p>\n<p>Abyste mohli zbo\u017e\u00ed vr\u00e1tit, mus\u00ed b\u00fdt nepou\u017eit\u00e9 a ve stejn\u00e9m stavu, v jak\u00e9m jste ho obdr\u017eeli. Mus\u00ed b\u00fdt tak\u00e9 v p\u016fvodn\u00edm obalu. <\/p>\n<p>N\u011bkter\u00e9 druhy zbo\u017e\u00ed jsou od vr\u00e1cen\u00ed osvobozeny. Pat\u0159\u00ed mezi n\u011b zbo\u017e\u00ed podl\u00e9haj\u00edc\u00ed rychl\u00e9 zk\u00e1ze, jako jsou potraviny, kv\u011btiny, noviny nebo \u010dasopisy. Nep\u0159ij\u00edm\u00e1me tak\u00e9 v\u00fdrobky, kter\u00e9 jsou intimn\u00edm nebo hygienick\u00fdm zbo\u017e\u00edm, nebezpe\u010dn\u00e9 materi\u00e1ly nebo ho\u0159lav\u00e9 kapaliny \u010di plyny.  <\/p>\n<h2><strong>Mezi dal\u0161\u00ed nevratn\u00e9 polo\u017eky pat\u0159\u00ed:<\/strong><\/h2>\n<ul>\n<li>D\u00e1rkov\u00e9 karty<\/li>\n<li>N\u011bkter\u00e9 p\u0159edm\u011bty pro zdrav\u00ed a osobn\u00ed hygienu<\/li>\n<\/ul>\n<p>K dokon\u010den\u00ed vr\u00e1cen\u00ed zbo\u017e\u00ed pot\u0159ebujeme \u00fa\u010dtenku nebo doklad o n\u00e1kupu, kter\u00fd by m\u011bl b\u00fdt zakoupen na t\u011bchto webov\u00fdch str\u00e1nk\u00e1ch.<\/p>\n<h2><strong>V n\u011bkter\u00fdch situac\u00edch jsou poskytov\u00e1ny pouze \u010d\u00e1ste\u010dn\u00e9 n\u00e1hrady:<\/strong><\/h2>\n<ul>\n<li>Jak\u00fdkoli p\u0159edm\u011bt, kter\u00fd nen\u00ed v p\u016fvodn\u00edm stavu, je po\u0161kozen\u00fd nebo mu chyb\u00ed sou\u010d\u00e1stky z d\u016fvod\u016f, kter\u00e9 nebyly zp\u016fsobeny na\u0161\u00ed chybou.<\/li>\n<li>Jak\u00e9koli zbo\u017e\u00ed, kter\u00e9 je vr\u00e1ceno po v\u00edce ne\u017e 14 dnech od doru\u010den\u00ed.<\/li>\n<\/ul>\n<h2><strong>N\u00e1hrady:<\/strong><\/h2>\n<p>Po obdr\u017een\u00ed a kontrole vr\u00e1cen\u00e9ho zbo\u017e\u00ed v\u00e1m za\u0161leme e-mail s ozn\u00e1men\u00edm, \u017ee jsme vr\u00e1cen\u00e9 zbo\u017e\u00ed obdr\u017eeli. Rovn\u011b\u017e v\u00e1s budeme informovat o schv\u00e1len\u00ed nebo zam\u00edtnut\u00ed vr\u00e1cen\u00ed pen\u011bz. <\/p>\n<p>Pokud v\u00e1m bude vr\u00e1cen\u00ed pen\u011bz schv\u00e1leno, bude do ur\u010dit\u00e9ho po\u010dtu dn\u00ed automaticky p\u0159ips\u00e1no na va\u0161i kreditn\u00ed kartu nebo p\u016fvodn\u00ed zp\u016fsob platby.<\/p>\n<h2><strong>Opo\u017ed\u011bn\u00e9 nebo chyb\u011bj\u00edc\u00ed n\u00e1hrady:<\/strong><\/h2>\n<p>Pokud jste dosud neobdr\u017eeli n\u00e1hradu, zkontrolujte nejprve znovu sv\u016fj bankovn\u00ed \u00fa\u010det.<\/p>\n<p>Pot\u00e9 se obra\u0165te na spole\u010dnost vyd\u00e1vaj\u00edc\u00ed kreditn\u00ed karty, proto\u017ee m\u016f\u017ee n\u011bjakou dobu trvat, ne\u017e bude vr\u00e1cen\u00e1 \u010d\u00e1stka ofici\u00e1ln\u011b za\u00fa\u010dtov\u00e1na.<\/p>\n<p>Pot\u00e9 se obra\u0165te na svou banku. \u010casto trv\u00e1 n\u011bjakou dobu, ne\u017e je vr\u00e1cen\u00ed pen\u011bz za\u00fa\u010dtov\u00e1no. <\/p>\n<p>Pokud jste toto v\u0161echno ud\u011blali a dosud jste neobdr\u017eeli pen\u00edze zp\u011bt, kontaktujte n\u00e1s na <a href=\"mailto:bureau@chamo.be\">adrese bureau@chamo.be<\/a>.<\/p>\n<h2><strong>V\u00fdprodejov\u00e9 polo\u017eky:<\/strong><\/h2>\n<p>Vr\u00e1tit lze pouze zbo\u017e\u00ed za b\u011b\u017enou cenu. V\u00fdprodejov\u00e9 polo\u017eky nelze vr\u00e1tit. <\/p>\n<h2><strong>V\u00fdm\u011bny:<\/strong><\/h2>\n<p>Zbo\u017e\u00ed vym\u011b\u0148ujeme pouze v p\u0159\u00edpad\u011b, \u017ee je vadn\u00e9 nebo po\u0161kozen\u00e9. Pokud pot\u0159ebujete zbo\u017e\u00ed vym\u011bnit za stejn\u00e9, po\u0161lete n\u00e1m e-mail na adresu bureau@chamo.be a zbo\u017e\u00ed za\u0161lete na adresu: Chamo BV &#8211; Brambroek 23 &#8211; 9500 Geraardsbergen &#8211; Belgie <\/p>\n<h2><strong>D\u00e1rky:<\/strong><\/h2>\n<p>Pokud bylo zbo\u017e\u00ed p\u0159i n\u00e1kupu ozna\u010deno jako d\u00e1rek a odesl\u00e1no p\u0159\u00edmo v\u00e1m, obdr\u017e\u00edte kredit na hodnotu vr\u00e1cen\u00e9ho zbo\u017e\u00ed. Po obdr\u017een\u00ed vr\u00e1cen\u00e9 polo\u017eky v\u00e1m bude d\u00e1rkov\u00fd certifik\u00e1t zasl\u00e1n po\u0161tou. <\/p>\n<p>Pokud zbo\u017e\u00ed nebylo p\u0159i n\u00e1kupu ozna\u010deno jako d\u00e1rek nebo si d\u00e1rce nechal objedn\u00e1vku zaslat s\u00e1m, aby v\u00e1m ji pozd\u011bji p\u0159edal, za\u0161leme d\u00e1rci pen\u00edze zp\u011bt a o va\u0161em vr\u00e1cen\u00ed ho budeme informovat.<\/p>\n<h2><strong>Vr\u00e1cen\u00ed z\u00e1silky:<\/strong><\/h2>\n<p>Chcete-li v\u00fdrobek vr\u00e1tit, za\u0161lete jej na adresu: Chamo BV &#8211; Brambroek 23 &#8211; 9500 Geraardsbergen &#8211; Belgie<\/p>\n<p>N\u00e1klady na dopravu p\u0159i vr\u00e1cen\u00ed zbo\u017e\u00ed si hrad\u00edte sami. N\u00e1klady na dopravu jsou nevratn\u00e9. Pokud v\u00e1m budou vr\u00e1ceny pen\u00edze, budou n\u00e1klady na zp\u011btn\u00e9 zasl\u00e1n\u00ed ode\u010dteny od vr\u00e1cen\u00fdch pen\u011bz.  <\/p>\n<p>V z\u00e1vislosti na m\u00edst\u011b, kde \u017eijete, se m\u016f\u017ee doba, za kterou se k v\u00e1m vym\u011bn\u011bn\u00fd v\u00fdrobek dostane, li\u0161it.<\/p>\n<p>Pokud vrac\u00edte dra\u017e\u0161\u00ed zbo\u017e\u00ed, m\u016f\u017eete zv\u00e1\u017eit vyu\u017eit\u00ed sledovateln\u00e9 p\u0159epravn\u00ed slu\u017eby nebo zakoupen\u00ed poji\u0161t\u011bn\u00ed p\u0159epravy. Nezaru\u010dujeme, \u017ee vr\u00e1cen\u00e9 zbo\u017e\u00ed obdr\u017e\u00edme. <\/p>\n<p><strong>Pot\u0159ebujete pomoc?<\/strong><\/p>\n<p>V p\u0159\u00edpad\u011b dotaz\u016f t\u00fdkaj\u00edc\u00edch se vr\u00e1cen\u00ed pen\u011bz a vr\u00e1cen\u00ed zbo\u017e\u00ed n\u00e1s kontaktujte na adrese bureau@chamo.be.<\/p>\t\t\t\t\t\t\t\t<\/div>\n\t\t\t\t<\/div>\n\t\t\t\t\t<\/div>\n\t\t\t\t<\/div>\n\t\t\t\t<\/div>\n\t\t","protected":false},"excerpt":{"rendered":"<p>Z\u00e1sady vracen\u00ed pen\u011bz a vr\u00e1cen\u00ed zbo\u017e\u00ed Na\u0161e z\u00e1sady vracen\u00ed pen\u011bz a vr\u00e1cen\u00ed zbo\u017e\u00ed jsou v souladu s evropsk\u00fdmi p\u0159edpisy a poskytuj\u00ed v\u00e1m 14 dn\u00ed na rozmy\u0161lenou na nahl\u00e1\u0161en\u00ed vr\u00e1cen\u00ed zbo\u017e\u00ed: Od data doru\u010den\u00ed m\u00e1te 14 dn\u00ed na to, abyste n\u00e1m ozn\u00e1mili sv\u016fj z\u00e1m\u011br vr\u00e1tit zbo\u017e\u00ed a po\u017eadovat vr\u00e1cen\u00ed pen\u011bz nebo v\u00fdm\u011bnu. Po uplynut\u00ed t\u00e9to lh\u016fty [&hellip;]<\/p>\n","protected":false},"author":1,"featured_media":0,"parent":0,"menu_order":0,"comment_status":"closed","ping_status":"closed","template":"","meta":{"footnotes":""},"class_list":["post-7031","page","type-page","status-publish","hentry"],"jetpack_sharing_enabled":true,"_links":{"self":[{"href":"https:\/\/www.babyloniababycarriers.eu\/cs\/wp-json\/wp\/v2\/pages\/7031","targetHints":{"allow":["GET"]}}],"collection":[{"href":"https:\/\/www.babyloniababycarriers.eu\/cs\/wp-json\/wp\/v2\/pages"}],"about":[{"href":"https:\/\/www.babyloniababycarriers.eu\/cs\/wp-json\/wp\/v2\/types\/page"}],"author":[{"embeddable":true,"href":"https:\/\/www.babyloniababycarriers.eu\/cs\/wp-json\/wp\/v2\/users\/1"}],"replies":[{"embeddable":true,"href":"https:\/\/www.babyloniababycarriers.eu\/cs\/wp-json\/wp\/v2\/comments?post=7031"}],"version-history":[{"count":2,"href":"https:\/\/www.babyloniababycarriers.eu\/cs\/wp-json\/wp\/v2\/pages\/7031\/revisions"}],"predecessor-version":[{"id":8696,"href":"https:\/\/www.babyloniababycarriers.eu\/cs\/wp-json\/wp\/v2\/pages\/7031\/revisions\/8696"}],"wp:attachment":[{"href":"https:\/\/www.babyloniababycarriers.eu\/cs\/wp-json\/wp\/v2\/media?parent=7031"}],"curies":[{"name":"wp","href":"https:\/\/api.w.org\/{rel}","templated":true}]}}